{"id":57493,"date":"2026-03-19T15:48:38","date_gmt":"2026-03-19T15:48:38","guid":{"rendered":"https:\/\/ensolutions.ca\/?page_id=57493"},"modified":"2026-04-13T19:41:07","modified_gmt":"2026-04-13T19:41:07","slug":"events","status":"publish","type":"page","link":"https:\/\/ensolutions.ca\/fr\/evenements-2\/","title":{"rendered":"\u00c9v\u00e9nements"},"content":{"rendered":"<div data-elementor-type=\"wp-page\" data-elementor-id=\"57493\" class=\"elementor elementor-57493\">\n\t\t\t\t\t\t<section class=\"elementor-section elementor-top-section elementor-element elementor-element-21e4364 elementor-section-boxed elementor-section-height-default elementor-section-height-default\" data-id=\"21e4364\" data-element_type=\"section\" data-e-type=\"section\">\n\t\t\t\t\t\t<div class=\"elementor-container elementor-column-gap-default\">\n\t\t\t\t\t<div class=\"elementor-column elementor-col-100 elementor-top-column elementor-element elementor-element-387b064\" data-id=\"387b064\" data-element_type=\"column\" data-e-type=\"column\">\n\t\t\t<div class=\"elementor-widget-wrap elementor-element-populated\">\n\t\t\t\t\t\t<div class=\"elementor-element elementor-element-4753689 elementor-widget elementor-widget-heading\" data-id=\"4753689\" data-element_type=\"widget\" data-e-type=\"widget\" data-widget_type=\"heading.default\">\n\t\t\t\t<div class=\"elementor-widget-container\">\n\t\t\t\t\t<h1 class=\"elementor-heading-title elementor-size-default\"><span>Notre participation \u00e0 l&#039;\u00e9v\u00e9nement<\/span><\/h1>\t\t\t\t<\/div>\n\t\t\t\t<\/div>\n\t\t\t\t\t<\/div>\n\t\t<\/div>\n\t\t\t\t\t<\/div>\n\t\t<\/section>\n\t\t\t\t<section class=\"elementor-section elementor-top-section elementor-element elementor-element-f939b8c elementor-section-boxed elementor-section-height-default elementor-section-height-default\" data-id=\"f939b8c\" data-element_type=\"section\" data-e-type=\"section\">\n\t\t\t\t\t\t<div class=\"elementor-container elementor-column-gap-default\">\n\t\t\t\t\t<div class=\"elementor-column elementor-col-100 elementor-top-column elementor-element elementor-element-780da0a\" data-id=\"780da0a\" data-element_type=\"column\" data-e-type=\"column\">\n\t\t\t<div class=\"elementor-widget-wrap elementor-element-populated\">\n\t\t\t\t\t\t<div class=\"elementor-element elementor-element-b93f444 elementor-grid-3 elementor-grid-tablet-2 elementor-grid-mobile-1 elementor-widget elementor-widget-elementor-blog-posts\" data-id=\"b93f444\" data-element_type=\"widget\" data-e-type=\"widget\" data-settings=\"{&quot;columns&quot;:&quot;3&quot;,&quot;columns_tablet&quot;:&quot;2&quot;,&quot;columns_mobile&quot;:&quot;1&quot;}\" data-widget_type=\"elementor-blog-posts.default\">\n\t\t\t\t<div class=\"elementor-widget-container\">\n\t\t\t\t\t\t\t<div class=\"wpcap-grid\">\n\t\t\t\t\t\t<div class=\"wpcap-grid-container elementor-grid wpcap-grid-desktop-3 wpcap-grid-tablet-2 wpcap-grid-mobile-1\">\n\n\t\t\t\t\n        <article id=\"post-57521\" class=\"wpcap-post post-57521 post type-post status-publish format-standard has-post-thumbnail hentry category-event\">\n         \n            <div class=\"post-grid-inner\">\n            \t\n            \t\t\t\t<div class=\"post-grid-thumbnail\">\n\t\t\t\t<a href=\"https:\/\/ensolutions.ca\/fr\/elementor-57521\/\">\n\t\t\t\t\t<img fetchpriority=\"high\" decoding=\"async\" width=\"1024\" height=\"1536\" src=\"https:\/\/ensolutions.ca\/wp-content\/uploads\/2026\/04\/Preliminary-Flyer-TGM-Expert-Annual-User-Forum-2026.jpeg\" class=\"attachment-full size-full wp-post-image\" alt=\"\" srcset=\"https:\/\/ensolutions.ca\/wp-content\/uploads\/2026\/04\/Preliminary-Flyer-TGM-Expert-Annual-User-Forum-2026.jpeg 1024w, https:\/\/ensolutions.ca\/wp-content\/uploads\/2026\/04\/Preliminary-Flyer-TGM-Expert-Annual-User-Forum-2026-200x300.jpeg 200w, https:\/\/ensolutions.ca\/wp-content\/uploads\/2026\/04\/Preliminary-Flyer-TGM-Expert-Annual-User-Forum-2026-683x1024.jpeg 683w, https:\/\/ensolutions.ca\/wp-content\/uploads\/2026\/04\/Preliminary-Flyer-TGM-Expert-Annual-User-Forum-2026-768x1152.jpeg 768w, https:\/\/ensolutions.ca\/wp-content\/uploads\/2026\/04\/Preliminary-Flyer-TGM-Expert-Annual-User-Forum-2026-8x12.jpeg 8w\" sizes=\"(max-width: 1024px) 100vw, 1024px\" \/>\t\t\t\t<\/a>\n\t\t\t<\/div>\n        \n                <div class=\"post-grid-text-wrap\">\n               \t\t\t\t<h3 class=\"title\">\n\t\t\t<a href=\"https:\/\/ensolutions.ca\/fr\/elementor-57521\/\">Prochaine conf\u00e9rence \u2013 Forum annuel des utilisateurs experts de TGM 2026<\/a>\n\t\t<\/h3>\n\t\t\t                \t\t<div class=\"post-grid-meta\">\n\t\t\t\n\t\t\t\t<span class=\"post-date\"><time datetime=\"2026-04-13T19:31:53+00:00\">13 avril 2026<\/time><\/span>\n\n\t\t\t\t\n\t\t\t\t<span class=\"post-comments\">Pas de commentaire<\/span>\n\n\t\t\t\t\t\t<\/div>\n\t\t\t                \t\t<div class=\"post-grid-excerpt\">\n\t\t\t<p>27- 28 October TGM Expert Annual User Forum 2026 Hosted by: \u00a0ENSolutions Hydro Location: \u00a0Ottawa, Canada Upcoming Conference \u2013 TGM Expert Annual User Forum 2026&hellip;<\/p>\n\t\t<\/div>\n\t\t\t                \t\t<a class=\"read-more-btn\" href=\"https:\/\/ensolutions.ca\/fr\/elementor-57521\/\">En savoir plus &quot;<\/a>\n\t\t                <\/div>\n\n            <\/div><!-- .blog-inner -->\n           \n        <\/article>\n\n        \n        <article id=\"post-57356\" class=\"wpcap-post post-57356 post type-post status-publish format-standard has-post-thumbnail hentry category-event\">\n         \n            <div class=\"post-grid-inner\">\n            \t\n            \t\t\t\t<div class=\"post-grid-thumbnail\">\n\t\t\t\t<a href=\"https:\/\/ensolutions.ca\/fr\/tgm-expert-suite-ai-native-asset-intelligence-for-modern-hydropower-om\/\">\n\t\t\t\t\t<img decoding=\"async\" width=\"1200\" height=\"1200\" src=\"https:\/\/ensolutions.ca\/wp-content\/uploads\/2026\/02\/SpeakerExhibitor.png\" class=\"attachment-full size-full wp-post-image\" alt=\"\" srcset=\"https:\/\/ensolutions.ca\/wp-content\/uploads\/2026\/02\/SpeakerExhibitor.png 1200w, https:\/\/ensolutions.ca\/wp-content\/uploads\/2026\/02\/SpeakerExhibitor-300x300.png 300w, https:\/\/ensolutions.ca\/wp-content\/uploads\/2026\/02\/SpeakerExhibitor-1024x1024.png 1024w, https:\/\/ensolutions.ca\/wp-content\/uploads\/2026\/02\/SpeakerExhibitor-150x150.png 150w, https:\/\/ensolutions.ca\/wp-content\/uploads\/2026\/02\/SpeakerExhibitor-768x768.png 768w, https:\/\/ensolutions.ca\/wp-content\/uploads\/2026\/02\/SpeakerExhibitor-12x12.png 12w\" sizes=\"(max-width: 1200px) 100vw, 1200px\" \/>\t\t\t\t<\/a>\n\t\t\t<\/div>\n        \n                <div class=\"post-grid-text-wrap\">\n               \t\t\t\t<h3 class=\"title\">\n\t\t\t<a href=\"https:\/\/ensolutions.ca\/fr\/tgm-expert-suite-ai-native-asset-intelligence-for-modern-hydropower-om\/\">Suite experte TGM\u00a0: Intelligence artificielle native des actifs pour l\u2019exploitation et la maintenance des centrales hydro\u00e9lectriques modernes<\/a>\n\t\t<\/h3>\n\t\t\t                \t\t<div class=\"post-grid-meta\">\n\t\t\t\n\t\t\t\t<span class=\"post-date\"><time datetime=\"2026-02-24T19:56:44+00:00\">24 f\u00e9vrier 2026<\/time><\/span>\n\n\t\t\t\t\n\t\t\t\t<span class=\"post-comments\">Pas de commentaire<\/span>\n\n\t\t\t\t\t\t<\/div>\n\t\t\t                \t\t<div class=\"post-grid-excerpt\">\n\t\t\t<p>Suite experte TGM\u00a0: Intelligence artificielle native des actifs pour l\u2019exploitation et la maintenance des centrales hydro\u00e9lectriques modernes. L\u2019hydro\u00e9lectricit\u00e9 demeure l\u2019une des infrastructures \u00e9nerg\u00e9tiques les plus critiques, mais aussi les moins num\u00e9ris\u00e9es. De nombreuses centrales d\u00e9pendent encore\u2026<\/p>\n\t\t<\/div>\n\t\t\t                \t\t<a class=\"read-more-btn\" href=\"https:\/\/ensolutions.ca\/fr\/tgm-expert-suite-ai-native-asset-intelligence-for-modern-hydropower-om\/\">En savoir plus &quot;<\/a>\n\t\t                <\/div>\n\n            <\/div><!-- .blog-inner -->\n           \n        <\/article>\n\n        \n        <article id=\"post-57033\" class=\"wpcap-post post-57033 post type-post status-publish format-standard has-post-thumbnail hentry category-event\">\n         \n            <div class=\"post-grid-inner\">\n            \t\n            \t\t\t\t<div class=\"post-grid-thumbnail\">\n\t\t\t\t<a href=\"https:\/\/ensolutions.ca\/fr\/evenements\/\">\n\t\t\t\t\t<img decoding=\"async\" width=\"960\" height=\"640\" src=\"https:\/\/ensolutions.ca\/wp-content\/uploads\/2025\/11\/event.webp\" class=\"attachment-full size-full wp-post-image\" alt=\"\" srcset=\"https:\/\/ensolutions.ca\/wp-content\/uploads\/2025\/11\/event.webp 960w, https:\/\/ensolutions.ca\/wp-content\/uploads\/2025\/11\/event-300x200.webp 300w, https:\/\/ensolutions.ca\/wp-content\/uploads\/2025\/11\/event-768x512.webp 768w, https:\/\/ensolutions.ca\/wp-content\/uploads\/2025\/11\/event-18x12.webp 18w\" sizes=\"(max-width: 960px) 100vw, 960px\" \/>\t\t\t\t<\/a>\n\t\t\t<\/div>\n        \n                <div class=\"post-grid-text-wrap\">\n               \t\t\t\t<h3 class=\"title\">\n\t\t\t<a href=\"https:\/\/ensolutions.ca\/fr\/evenements\/\">Semaine canadienne de l&#039;\u00e9nergie hydro\u00e9lectrique 2025<\/a>\n\t\t<\/h3>\n\t\t\t                \t\t<div class=\"post-grid-meta\">\n\t\t\t\n\t\t\t\t<span class=\"post-date\"><time datetime=\"2025-11-04T19:08:10+00:00\">4 novembre 2025<\/time><\/span>\n\n\t\t\t\t\n\t\t\t\t<span class=\"post-comments\">Pas de commentaire<\/span>\n\n\t\t\t\t\t\t<\/div>\n\t\t\t                \t\t<div class=\"post-grid-excerpt\">\n\t\t\t<p>1 \u2013 3 octobre 2025 Semaine canadienne de l\u2019\u00e9nergie hydro\u00e9lectrique Organis\u00e9e par\u00a0: \u00c9nergie hydro\u00e9lectrique Canada Lieu\u00a0: L\u2019h\u00f4tel Westin, Ottawa Avec\u00a0: De la r\u00e9activit\u00e9 \u00e0 l\u2019intelligence\u00a0: Comment l\u2019IA et le num\u00e9rique\u2026<\/p>\n\t\t<\/div>\n\t\t\t                \t\t<a class=\"read-more-btn\" href=\"https:\/\/ensolutions.ca\/fr\/evenements\/\">En savoir plus &quot;<\/a>\n\t\t                <\/div>\n\n            <\/div><!-- .blog-inner -->\n           \n        <\/article>\n\n        \n\t\t\t<\/div>\n\t\t<\/div>\n\t\t\t\t\t\t<\/div>\n\t\t\t\t<\/div>\n\t\t\t\t\t<\/div>\n\t\t<\/div>\n\t\t\t\t\t<\/div>\n\t\t<\/section>\n\t\t\t\t<\/div>","protected":false},"excerpt":{"rendered":"<p>Our Event Participation Upcoming Conference \u2013 TGM Expert Annual User Forum 2026 April 13, 2026 No Comments 27- 28 October TGM Expert Annual User Forum 2026 Hosted by: \u00a0ENSolutions Hydro Location: \u00a0Ottawa, Canada Upcoming Conference \u2013 TGM Expert Annual User Forum 2026 We are excited to announce our very first\u00a0TGM Expert Annual User Forum, taking [&hellip;]<\/p>","protected":false},"author":4,"featured_media":57504,"parent":0,"menu_order":0,"comment_status":"closed","ping_status":"closed","template":"","meta":{"footnotes":""},"class_list":["post-57493","page","type-page","status-publish","has-post-thumbnail","hentry"],"yoast_head":"<!-- This site is optimized with the Yoast SEO plugin v26.9 - https:\/\/yoast.com\/product\/yoast-seo-wordpress\/ -->\n<title>Events | EN SOLUTIONS Hydro<\/title>\n<meta name=\"robots\" content=\"index, follow, max-snippet:-1, max-image-preview:large, max-video-preview:-1\" \/>\n<link rel=\"canonical\" href=\"https:\/\/ensolutions.ca\/fr\/evenements-2\/\" \/>\n<meta property=\"og:locale\" content=\"fr_CA\" \/>\n<meta property=\"og:type\" content=\"article\" \/>\n<meta property=\"og:title\" content=\"Events | EN SOLUTIONS Hydro\" \/>\n<meta property=\"og:description\" content=\"Our Event Participation Upcoming Conference \u2013 TGM Expert Annual User Forum 2026 April 13, 2026 No Comments 27- 28 October TGM Expert Annual User Forum 2026 Hosted by: \u00a0ENSolutions Hydro Location: \u00a0Ottawa, Canada Upcoming Conference \u2013 TGM Expert Annual User Forum 2026 We are excited to announce our very first\u00a0TGM Expert Annual User Forum, taking [&hellip;]\" \/>\n<meta property=\"og:url\" content=\"https:\/\/ensolutions.ca\/fr\/evenements-2\/\" \/>\n<meta property=\"og:site_name\" content=\"EN SOLUTIONS Hydro\" \/>\n<meta property=\"article:modified_time\" content=\"2026-04-13T19:41:07+00:00\" \/>\n<meta property=\"og:image\" content=\"https:\/\/ensolutions.ca\/wp-content\/uploads\/2026\/03\/WhatsApp-Image-2026-03-17-at-16.36.40-1.jpeg\" \/>\n\t<meta property=\"og:image:width\" content=\"1600\" \/>\n\t<meta property=\"og:image:height\" content=\"1200\" \/>\n\t<meta property=\"og:image:type\" content=\"image\/jpeg\" \/>\n<meta name=\"twitter:card\" content=\"summary_large_image\" \/>\n<meta name=\"twitter:label1\" content=\"Estimation du temps de lecture\" \/>\n\t<meta name=\"twitter:data1\" content=\"3 minutes\" \/>\n<script type=\"application\/ld+json\" class=\"yoast-schema-graph\">{\"@context\":\"https:\/\/schema.org\",\"@graph\":[{\"@type\":\"WebPage\",\"@id\":\"https:\/\/ensolutions.ca\/en\/events\/\",\"url\":\"https:\/\/ensolutions.ca\/en\/events\/\",\"name\":\"Events | EN SOLUTIONS Hydro\",\"isPartOf\":{\"@id\":\"https:\/\/ensolutions.ca\/en\/#website\"},\"primaryImageOfPage\":{\"@id\":\"https:\/\/ensolutions.ca\/en\/events\/#primaryimage\"},\"image\":{\"@id\":\"https:\/\/ensolutions.ca\/en\/events\/#primaryimage\"},\"thumbnailUrl\":\"https:\/\/ensolutions.ca\/wp-content\/uploads\/2026\/03\/WhatsApp-Image-2026-03-17-at-16.36.40-1.jpeg\",\"datePublished\":\"2026-03-19T15:48:38+00:00\",\"dateModified\":\"2026-04-13T19:41:07+00:00\",\"breadcrumb\":{\"@id\":\"https:\/\/ensolutions.ca\/en\/events\/#breadcrumb\"},\"inLanguage\":\"fr-CA\",\"potentialAction\":[{\"@type\":\"ReadAction\",\"target\":[\"https:\/\/ensolutions.ca\/en\/events\/\"]}]},{\"@type\":\"ImageObject\",\"inLanguage\":\"fr-CA\",\"@id\":\"https:\/\/ensolutions.ca\/en\/events\/#primaryimage\",\"url\":\"https:\/\/ensolutions.ca\/wp-content\/uploads\/2026\/03\/WhatsApp-Image-2026-03-17-at-16.36.40-1.jpeg\",\"contentUrl\":\"https:\/\/ensolutions.ca\/wp-content\/uploads\/2026\/03\/WhatsApp-Image-2026-03-17-at-16.36.40-1.jpeg\",\"width\":1600,\"height\":1200},{\"@type\":\"BreadcrumbList\",\"@id\":\"https:\/\/ensolutions.ca\/en\/events\/#breadcrumb\",\"itemListElement\":[{\"@type\":\"ListItem\",\"position\":1,\"name\":\"Home\",\"item\":\"https:\/\/ensolutions.ca\/en\/\"},{\"@type\":\"ListItem\",\"position\":2,\"name\":\"Events\"}]},{\"@type\":\"WebSite\",\"@id\":\"https:\/\/ensolutions.ca\/en\/#website\",\"url\":\"https:\/\/ensolutions.ca\/en\/\",\"name\":\"EN SOLUTIONS Hydro\",\"description\":\"We help you take care of your assets\",\"publisher\":{\"@id\":\"https:\/\/ensolutions.ca\/en\/#organization\"},\"potentialAction\":[{\"@type\":\"SearchAction\",\"target\":{\"@type\":\"EntryPoint\",\"urlTemplate\":\"https:\/\/ensolutions.ca\/en\/?s={search_term_string}\"},\"query-input\":{\"@type\":\"PropertyValueSpecification\",\"valueRequired\":true,\"valueName\":\"search_term_string\"}}],\"inLanguage\":\"fr-CA\"},{\"@type\":\"Organization\",\"@id\":\"https:\/\/ensolutions.ca\/en\/#organization\",\"name\":\"EN SOLUTIONS Hydro\",\"url\":\"https:\/\/ensolutions.ca\/en\/\",\"logo\":{\"@type\":\"ImageObject\",\"inLanguage\":\"fr-CA\",\"@id\":\"https:\/\/ensolutions.ca\/en\/#\/schema\/logo\/image\/\",\"url\":\"https:\/\/ensolutions.ca\/wp-content\/uploads\/2022\/10\/logo.png\",\"contentUrl\":\"https:\/\/ensolutions.ca\/wp-content\/uploads\/2022\/10\/logo.png\",\"width\":1600,\"height\":479,\"caption\":\"EN SOLUTIONS Hydro\"},\"image\":{\"@id\":\"https:\/\/ensolutions.ca\/en\/#\/schema\/logo\/image\/\"},\"sameAs\":[\"https:\/\/www.linkedin.com\/company\/en-solutions-hydro\"]}]}<\/script>\n<!-- \/ Yoast SEO plugin. -->","yoast_head_json":{"title":"Events | EN SOLUTIONS Hydro","robots":{"index":"index","follow":"follow","max-snippet":"max-snippet:-1","max-image-preview":"max-image-preview:large","max-video-preview":"max-video-preview:-1"},"canonical":"https:\/\/ensolutions.ca\/fr\/evenements-2\/","og_locale":"fr_CA","og_type":"article","og_title":"Events | EN SOLUTIONS Hydro","og_description":"Our Event Participation Upcoming Conference \u2013 TGM Expert Annual User Forum 2026 April 13, 2026 No Comments 27- 28 October TGM Expert Annual User Forum 2026 Hosted by: \u00a0ENSolutions Hydro Location: \u00a0Ottawa, Canada Upcoming Conference \u2013 TGM Expert Annual User Forum 2026 We are excited to announce our very first\u00a0TGM Expert Annual User Forum, taking [&hellip;]","og_url":"https:\/\/ensolutions.ca\/fr\/evenements-2\/","og_site_name":"EN SOLUTIONS Hydro","article_modified_time":"2026-04-13T19:41:07+00:00","og_image":[{"width":1600,"height":1200,"url":"https:\/\/ensolutions.ca\/wp-content\/uploads\/2026\/03\/WhatsApp-Image-2026-03-17-at-16.36.40-1.jpeg","type":"image\/jpeg"}],"twitter_card":"summary_large_image","twitter_misc":{"Estimation du temps de lecture":"3 minutes"},"schema":{"@context":"https:\/\/schema.org","@graph":[{"@type":"WebPage","@id":"https:\/\/ensolutions.ca\/en\/events\/","url":"https:\/\/ensolutions.ca\/en\/events\/","name":"Events | EN SOLUTIONS Hydro","isPartOf":{"@id":"https:\/\/ensolutions.ca\/en\/#website"},"primaryImageOfPage":{"@id":"https:\/\/ensolutions.ca\/en\/events\/#primaryimage"},"image":{"@id":"https:\/\/ensolutions.ca\/en\/events\/#primaryimage"},"thumbnailUrl":"https:\/\/ensolutions.ca\/wp-content\/uploads\/2026\/03\/WhatsApp-Image-2026-03-17-at-16.36.40-1.jpeg","datePublished":"2026-03-19T15:48:38+00:00","dateModified":"2026-04-13T19:41:07+00:00","breadcrumb":{"@id":"https:\/\/ensolutions.ca\/en\/events\/#breadcrumb"},"inLanguage":"fr-CA","potentialAction":[{"@type":"ReadAction","target":["https:\/\/ensolutions.ca\/en\/events\/"]}]},{"@type":"ImageObject","inLanguage":"fr-CA","@id":"https:\/\/ensolutions.ca\/en\/events\/#primaryimage","url":"https:\/\/ensolutions.ca\/wp-content\/uploads\/2026\/03\/WhatsApp-Image-2026-03-17-at-16.36.40-1.jpeg","contentUrl":"https:\/\/ensolutions.ca\/wp-content\/uploads\/2026\/03\/WhatsApp-Image-2026-03-17-at-16.36.40-1.jpeg","width":1600,"height":1200},{"@type":"BreadcrumbList","@id":"https:\/\/ensolutions.ca\/en\/events\/#breadcrumb","itemListElement":[{"@type":"ListItem","position":1,"name":"Home","item":"https:\/\/ensolutions.ca\/en\/"},{"@type":"ListItem","position":2,"name":"Events"}]},{"@type":"WebSite","@id":"https:\/\/ensolutions.ca\/en\/#website","url":"https:\/\/ensolutions.ca\/en\/","name":"EN SOLUTIONS Hydro","description":"We help you take care of your assets","publisher":{"@id":"https:\/\/ensolutions.ca\/en\/#organization"},"potentialAction":[{"@type":"SearchAction","target":{"@type":"EntryPoint","urlTemplate":"https:\/\/ensolutions.ca\/en\/?s={search_term_string}"},"query-input":{"@type":"PropertyValueSpecification","valueRequired":true,"valueName":"search_term_string"}}],"inLanguage":"fr-CA"},{"@type":"Organization","@id":"https:\/\/ensolutions.ca\/en\/#organization","name":"EN SOLUTIONS Hydro","url":"https:\/\/ensolutions.ca\/en\/","logo":{"@type":"ImageObject","inLanguage":"fr-CA","@id":"https:\/\/ensolutions.ca\/en\/#\/schema\/logo\/image\/","url":"https:\/\/ensolutions.ca\/wp-content\/uploads\/2022\/10\/logo.png","contentUrl":"https:\/\/ensolutions.ca\/wp-content\/uploads\/2022\/10\/logo.png","width":1600,"height":479,"caption":"EN SOLUTIONS Hydro"},"image":{"@id":"https:\/\/ensolutions.ca\/en\/#\/schema\/logo\/image\/"},"sameAs":["https:\/\/www.linkedin.com\/company\/en-solutions-hydro"]}]}},"_links":{"self":[{"href":"https:\/\/ensolutions.ca\/fr\/wp-json\/wp\/v2\/pages\/57493","targetHints":{"allow":["GET"]}}],"collection":[{"href":"https:\/\/ensolutions.ca\/fr\/wp-json\/wp\/v2\/pages"}],"about":[{"href":"https:\/\/ensolutions.ca\/fr\/wp-json\/wp\/v2\/types\/page"}],"author":[{"embeddable":true,"href":"https:\/\/ensolutions.ca\/fr\/wp-json\/wp\/v2\/users\/4"}],"replies":[{"embeddable":true,"href":"https:\/\/ensolutions.ca\/fr\/wp-json\/wp\/v2\/comments?post=57493"}],"version-history":[{"count":10,"href":"https:\/\/ensolutions.ca\/fr\/wp-json\/wp\/v2\/pages\/57493\/revisions"}],"predecessor-version":[{"id":57531,"href":"https:\/\/ensolutions.ca\/fr\/wp-json\/wp\/v2\/pages\/57493\/revisions\/57531"}],"wp:featuredmedia":[{"embeddable":true,"href":"https:\/\/ensolutions.ca\/fr\/wp-json\/wp\/v2\/media\/57504"}],"wp:attachment":[{"href":"https:\/\/ensolutions.ca\/fr\/wp-json\/wp\/v2\/media?parent=57493"}],"curies":[{"name":"wp","href":"https:\/\/api.w.org\/{rel}","templated":true}]}}