{"id":57003,"date":"2025-11-03T16:10:17","date_gmt":"2025-11-03T16:10:17","guid":{"rendered":"https:\/\/ensolutions.ca\/?page_id=57003"},"modified":"2026-03-19T15:46:13","modified_gmt":"2026-03-19T15:46:13","slug":"blog","status":"publish","type":"page","link":"https:\/\/ensolutions.ca\/fr\/a-propos-de-nous\/blog\/","title":{"rendered":"Blog"},"content":{"rendered":"<div data-elementor-type=\"wp-page\" data-elementor-id=\"57003\" class=\"elementor elementor-57003\">\n\t\t\t\t\t\t<section class=\"elementor-section elementor-top-section elementor-element elementor-element-fa03940 elementor-section-boxed elementor-section-height-default elementor-section-height-default\" data-id=\"fa03940\" data-element_type=\"section\" data-e-type=\"section\">\n\t\t\t\t\t\t<div class=\"elementor-container elementor-column-gap-default\">\n\t\t\t\t\t<div class=\"elementor-column elementor-col-100 elementor-top-column elementor-element elementor-element-d8d0b6a\" data-id=\"d8d0b6a\" data-element_type=\"column\" data-e-type=\"column\">\n\t\t\t<div class=\"elementor-widget-wrap elementor-element-populated\">\n\t\t\t\t\t\t<div class=\"elementor-element elementor-element-1d72802 elementor-widget elementor-widget-heading\" data-id=\"1d72802\" data-element_type=\"widget\" data-e-type=\"widget\" data-widget_type=\"heading.default\">\n\t\t\t\t<div class=\"elementor-widget-container\">\n\t\t\t\t\t<h1 class=\"elementor-heading-title elementor-size-default\"><span>Nos articles de blog<\/span><span><\/span><\/h1>\t\t\t\t<\/div>\n\t\t\t\t<\/div>\n\t\t\t\t\t<\/div>\n\t\t<\/div>\n\t\t\t\t\t<\/div>\n\t\t<\/section>\n\t\t\t\t<section class=\"elementor-section elementor-top-section elementor-element elementor-element-6512bff elementor-section-boxed elementor-section-height-default elementor-section-height-default\" data-id=\"6512bff\" data-element_type=\"section\" data-e-type=\"section\">\n\t\t\t\t\t\t<div class=\"elementor-container elementor-column-gap-default\">\n\t\t\t\t\t<div class=\"elementor-column elementor-col-100 elementor-top-column elementor-element elementor-element-6a32fff\" data-id=\"6a32fff\" data-element_type=\"column\" data-e-type=\"column\">\n\t\t\t<div class=\"elementor-widget-wrap elementor-element-populated\">\n\t\t\t\t\t\t<div class=\"elementor-element elementor-element-9bbd349 elementor-grid-3 elementor-grid-tablet-2 elementor-grid-mobile-1 elementor-widget elementor-widget-elementor-blog-posts\" data-id=\"9bbd349\" data-element_type=\"widget\" data-e-type=\"widget\" data-settings=\"{&quot;columns&quot;:&quot;3&quot;,&quot;columns_tablet&quot;:&quot;2&quot;,&quot;columns_mobile&quot;:&quot;1&quot;}\" data-widget_type=\"elementor-blog-posts.default\">\n\t\t\t\t<div class=\"elementor-widget-container\">\n\t\t\t\t\t\t\t<div class=\"wpcap-grid\">\n\t\t\t\t\t\t<div class=\"wpcap-grid-container elementor-grid wpcap-grid-desktop-3 wpcap-grid-tablet-2 wpcap-grid-mobile-1\">\n\n\t\t\t\t\n        <article id=\"post-57336\" class=\"wpcap-post post-57336 post type-post status-publish format-standard has-post-thumbnail hentry category-blog\">\n         \n            <div class=\"post-grid-inner\">\n            \t\n            \t\t\t\t<div class=\"post-grid-thumbnail\">\n\t\t\t\t<a href=\"https:\/\/ensolutions.ca\/fr\/avenir-prometteur-pour-une-entreprise-de-saint-philippe-ai-dans-la-gestion-des-barrages\/\">\n\t\t\t\t\t<img fetchpriority=\"high\" decoding=\"async\" width=\"1600\" height=\"738\" src=\"https:\/\/ensolutions.ca\/wp-content\/uploads\/2026\/02\/Presentation-a-la-conference-Canadienne.jpeg\" class=\"attachment-full size-full wp-post-image\" alt=\"\" srcset=\"https:\/\/ensolutions.ca\/wp-content\/uploads\/2026\/02\/Presentation-a-la-conference-Canadienne.jpeg 1600w, https:\/\/ensolutions.ca\/wp-content\/uploads\/2026\/02\/Presentation-a-la-conference-Canadienne-300x138.jpeg 300w, https:\/\/ensolutions.ca\/wp-content\/uploads\/2026\/02\/Presentation-a-la-conference-Canadienne-1024x472.jpeg 1024w, https:\/\/ensolutions.ca\/wp-content\/uploads\/2026\/02\/Presentation-a-la-conference-Canadienne-768x354.jpeg 768w, https:\/\/ensolutions.ca\/wp-content\/uploads\/2026\/02\/Presentation-a-la-conference-Canadienne-1536x708.jpeg 1536w, https:\/\/ensolutions.ca\/wp-content\/uploads\/2026\/02\/Presentation-a-la-conference-Canadienne-18x8.jpeg 18w\" sizes=\"(max-width: 1600px) 100vw, 1600px\" \/>\t\t\t\t<\/a>\n\t\t\t<\/div>\n        \n                <div class=\"post-grid-text-wrap\">\n               \t\t\t\t<h3 class=\"title\">\n\t\t\t<a href=\"https:\/\/ensolutions.ca\/fr\/avenir-prometteur-pour-une-entreprise-de-saint-philippe-ai-dans-la-gestion-des-barrages\/\">Un avenir prometteur pour une entreprise de Saint-Philippe\u00a0: l\u2019IA dans la gestion des barrages<\/a>\n\t\t<\/h3>\n\t\t\t                \t\t<div class=\"post-grid-meta\">\n\t\t\t\n\t\t\t\t<span class=\"post-date\"><time datetime=\"2026-02-20T15:27:53+00:00\">20 f\u00e9vrier 2026<\/time><\/span>\n\n\t\t\t\t\n\t\t\t\t<span class=\"post-comments\">Pas de commentaire<\/span>\n\n\t\t\t\t\t\t<\/div>\n\t\t\t                \t\t<div class=\"post-grid-excerpt\">\n\t\t\t<p>L&#039;entreprise a d\u00e9velopp\u00e9 son expertise lors d&#039;essais men\u00e9s notamment en Afrique. (Photo fournie) Une jeune entreprise de la r\u00e9gion est sur le point de\u2026<\/p>\n\t\t<\/div>\n\t\t\t                \t\t<a class=\"read-more-btn\" href=\"https:\/\/ensolutions.ca\/fr\/avenir-prometteur-pour-une-entreprise-de-saint-philippe-ai-dans-la-gestion-des-barrages\/\">En savoir plus &quot;<\/a>\n\t\t                <\/div>\n\n            <\/div><!-- .blog-inner -->\n           \n        <\/article>\n\n        \n        <article id=\"post-57017\" class=\"wpcap-post post-57017 post type-post status-publish format-standard has-post-thumbnail hentry category-blog\">\n         \n            <div class=\"post-grid-inner\">\n            \t\n            \t\t\t\t<div class=\"post-grid-thumbnail\">\n\t\t\t\t<a href=\"https:\/\/ensolutions.ca\/fr\/de-la-reactivite-a-lintelligence-comment-lia-et-les-jumeaux-numeriques-redefinissent-lhydroelectricite-2\/\">\n\t\t\t\t\t<img decoding=\"async\" width=\"1060\" height=\"706\" src=\"https:\/\/ensolutions.ca\/wp-content\/uploads\/2025\/11\/Watter-power-Canada.jpg\" class=\"attachment-full size-full wp-post-image\" alt=\"\" srcset=\"https:\/\/ensolutions.ca\/wp-content\/uploads\/2025\/11\/Watter-power-Canada.jpg 1060w, https:\/\/ensolutions.ca\/wp-content\/uploads\/2025\/11\/Watter-power-Canada-300x200.jpg 300w, https:\/\/ensolutions.ca\/wp-content\/uploads\/2025\/11\/Watter-power-Canada-1024x682.jpg 1024w, https:\/\/ensolutions.ca\/wp-content\/uploads\/2025\/11\/Watter-power-Canada-768x512.jpg 768w, https:\/\/ensolutions.ca\/wp-content\/uploads\/2025\/11\/Watter-power-Canada-18x12.jpg 18w\" sizes=\"(max-width: 1060px) 100vw, 1060px\" \/>\t\t\t\t<\/a>\n\t\t\t<\/div>\n        \n                <div class=\"post-grid-text-wrap\">\n               \t\t\t\t<h3 class=\"title\">\n\t\t\t<a href=\"https:\/\/ensolutions.ca\/fr\/de-la-reactivite-a-lintelligence-comment-lia-et-les-jumeaux-numeriques-redefinissent-lhydroelectricite-2\/\">De la r\u00e9action \u00e0 l&#039;intelligence : comment l&#039;IA et les jumeaux num\u00e9riques transforment l&#039;hydro\u00e9lectricit\u00e9<\/a>\n\t\t<\/h3>\n\t\t\t                \t\t<div class=\"post-grid-meta\">\n\t\t\t\n\t\t\t\t<span class=\"post-date\"><time datetime=\"2025-11-03T16:35:00+00:00\">3 novembre 2025<\/time><\/span>\n\n\t\t\t\t\n\t\t\t\t<span class=\"post-comments\">Pas de commentaire<\/span>\n\n\t\t\t\t\t\t<\/div>\n\t\t\t                \t\t<div class=\"post-grid-excerpt\">\n\t\t\t<p>L&#039;hydro\u00e9lectricit\u00e9 est un pilier du r\u00e9seau \u00e9nerg\u00e9tique canadien, fournissant une source d&#039;\u00e9nergie renouvelable fiable et \u00e9prouv\u00e9e. Cependant, une grande partie du parc hydro\u00e9lectrique du pays\u2026<\/p>\n\t\t<\/div>\n\t\t\t                \t\t<a class=\"read-more-btn\" href=\"https:\/\/ensolutions.ca\/fr\/de-la-reactivite-a-lintelligence-comment-lia-et-les-jumeaux-numeriques-redefinissent-lhydroelectricite-2\/\">En savoir plus &quot;<\/a>\n\t\t                <\/div>\n\n            <\/div><!-- .blog-inner -->\n           \n        <\/article>\n\n        \n\t\t\t<\/div>\n\t\t<\/div>\n\t\t\t\t\t\t<\/div>\n\t\t\t\t<\/div>\n\t\t\t\t\t<\/div>\n\t\t<\/div>\n\t\t\t\t\t<\/div>\n\t\t<\/section>\n\t\t\t\t<\/div>","protected":false},"excerpt":{"rendered":"<p>Our Blog Posts Promising future for a company from Saint-Philippe: AI in dam management February 20, 2026 No Comments The company developed its expertise during trials carried out in Africa, among other places. (Photo courtesy) A young company from the region is about to revolutionize the management of hydroelectric dams thanks to its software powered [&hellip;]<\/p>","protected":false},"author":4,"featured_media":56995,"parent":30,"menu_order":0,"comment_status":"closed","ping_status":"closed","template":"","meta":{"footnotes":""},"class_list":["post-57003","page","type-page","status-publish","has-post-thumbnail","hentry"],"yoast_head":"<!-- This site is optimized with the Yoast SEO plugin v26.9 - https:\/\/yoast.com\/product\/yoast-seo-wordpress\/ -->\n<title>Blog | EN SOLUTIONS Hydro<\/title>\n<meta name=\"robots\" content=\"index, follow, max-snippet:-1, max-image-preview:large, max-video-preview:-1\" \/>\n<link rel=\"canonical\" href=\"https:\/\/ensolutions.ca\/fr\/a-propos-de-nous\/blog\/\" \/>\n<meta property=\"og:locale\" content=\"fr_CA\" \/>\n<meta property=\"og:type\" content=\"article\" \/>\n<meta property=\"og:title\" content=\"Blog | EN SOLUTIONS Hydro\" \/>\n<meta property=\"og:description\" content=\"Our Blog Posts Promising future for a company from Saint-Philippe: AI in dam management February 20, 2026 No Comments The company developed its expertise during trials carried out in Africa, among other places. (Photo courtesy) A young company from the region is about to revolutionize the management of hydroelectric dams thanks to its software powered [&hellip;]\" \/>\n<meta property=\"og:url\" content=\"https:\/\/ensolutions.ca\/fr\/a-propos-de-nous\/blog\/\" \/>\n<meta property=\"og:site_name\" content=\"EN SOLUTIONS Hydro\" \/>\n<meta property=\"article:modified_time\" content=\"2026-03-19T15:46:13+00:00\" \/>\n<meta property=\"og:image\" content=\"https:\/\/ensolutions.ca\/wp-content\/uploads\/2025\/11\/dam.jpg\" \/>\n\t<meta property=\"og:image:width\" content=\"1267\" \/>\n\t<meta property=\"og:image:height\" content=\"709\" \/>\n\t<meta property=\"og:image:type\" content=\"image\/jpeg\" \/>\n<meta name=\"twitter:card\" content=\"summary_large_image\" \/>\n<meta name=\"twitter:label1\" content=\"Estimation du temps de lecture\" \/>\n\t<meta name=\"twitter:data1\" content=\"2 minutes\" \/>\n<script type=\"application\/ld+json\" class=\"yoast-schema-graph\">{\"@context\":\"https:\/\/schema.org\",\"@graph\":[{\"@type\":\"WebPage\",\"@id\":\"https:\/\/ensolutions.ca\/en\/about-us\/blog\/\",\"url\":\"https:\/\/ensolutions.ca\/en\/about-us\/blog\/\",\"name\":\"Blog | EN SOLUTIONS Hydro\",\"isPartOf\":{\"@id\":\"https:\/\/ensolutions.ca\/en\/#website\"},\"primaryImageOfPage\":{\"@id\":\"https:\/\/ensolutions.ca\/en\/about-us\/blog\/#primaryimage\"},\"image\":{\"@id\":\"https:\/\/ensolutions.ca\/en\/about-us\/blog\/#primaryimage\"},\"thumbnailUrl\":\"https:\/\/ensolutions.ca\/wp-content\/uploads\/2025\/11\/dam.jpg\",\"datePublished\":\"2025-11-03T16:10:17+00:00\",\"dateModified\":\"2026-03-19T15:46:13+00:00\",\"breadcrumb\":{\"@id\":\"https:\/\/ensolutions.ca\/en\/about-us\/blog\/#breadcrumb\"},\"inLanguage\":\"fr-CA\",\"potentialAction\":[{\"@type\":\"ReadAction\",\"target\":[\"https:\/\/ensolutions.ca\/en\/about-us\/blog\/\"]}]},{\"@type\":\"ImageObject\",\"inLanguage\":\"fr-CA\",\"@id\":\"https:\/\/ensolutions.ca\/en\/about-us\/blog\/#primaryimage\",\"url\":\"https:\/\/ensolutions.ca\/wp-content\/uploads\/2025\/11\/dam.jpg\",\"contentUrl\":\"https:\/\/ensolutions.ca\/wp-content\/uploads\/2025\/11\/dam.jpg\",\"width\":1267,\"height\":709},{\"@type\":\"BreadcrumbList\",\"@id\":\"https:\/\/ensolutions.ca\/en\/about-us\/blog\/#breadcrumb\",\"itemListElement\":[{\"@type\":\"ListItem\",\"position\":1,\"name\":\"Home\",\"item\":\"https:\/\/ensolutions.ca\/en\/\"},{\"@type\":\"ListItem\",\"position\":2,\"name\":\"About Us\",\"item\":\"https:\/\/ensolutions.ca\/en\/about-us\/\"},{\"@type\":\"ListItem\",\"position\":3,\"name\":\"Blog\"}]},{\"@type\":\"WebSite\",\"@id\":\"https:\/\/ensolutions.ca\/en\/#website\",\"url\":\"https:\/\/ensolutions.ca\/en\/\",\"name\":\"EN SOLUTIONS Hydro\",\"description\":\"We help you take care of your assets\",\"publisher\":{\"@id\":\"https:\/\/ensolutions.ca\/en\/#organization\"},\"potentialAction\":[{\"@type\":\"SearchAction\",\"target\":{\"@type\":\"EntryPoint\",\"urlTemplate\":\"https:\/\/ensolutions.ca\/en\/?s={search_term_string}\"},\"query-input\":{\"@type\":\"PropertyValueSpecification\",\"valueRequired\":true,\"valueName\":\"search_term_string\"}}],\"inLanguage\":\"fr-CA\"},{\"@type\":\"Organization\",\"@id\":\"https:\/\/ensolutions.ca\/en\/#organization\",\"name\":\"EN SOLUTIONS Hydro\",\"url\":\"https:\/\/ensolutions.ca\/en\/\",\"logo\":{\"@type\":\"ImageObject\",\"inLanguage\":\"fr-CA\",\"@id\":\"https:\/\/ensolutions.ca\/en\/#\/schema\/logo\/image\/\",\"url\":\"https:\/\/ensolutions.ca\/wp-content\/uploads\/2022\/10\/logo.png\",\"contentUrl\":\"https:\/\/ensolutions.ca\/wp-content\/uploads\/2022\/10\/logo.png\",\"width\":1600,\"height\":479,\"caption\":\"EN SOLUTIONS Hydro\"},\"image\":{\"@id\":\"https:\/\/ensolutions.ca\/en\/#\/schema\/logo\/image\/\"},\"sameAs\":[\"https:\/\/www.linkedin.com\/company\/en-solutions-hydro\"]}]}<\/script>\n<!-- \/ Yoast SEO plugin. -->","yoast_head_json":{"title":"Blog | EN SOLUTIONS Hydro","robots":{"index":"index","follow":"follow","max-snippet":"max-snippet:-1","max-image-preview":"max-image-preview:large","max-video-preview":"max-video-preview:-1"},"canonical":"https:\/\/ensolutions.ca\/fr\/a-propos-de-nous\/blog\/","og_locale":"fr_CA","og_type":"article","og_title":"Blog | EN SOLUTIONS Hydro","og_description":"Our Blog Posts Promising future for a company from Saint-Philippe: AI in dam management February 20, 2026 No Comments The company developed its expertise during trials carried out in Africa, among other places. (Photo courtesy) A young company from the region is about to revolutionize the management of hydroelectric dams thanks to its software powered [&hellip;]","og_url":"https:\/\/ensolutions.ca\/fr\/a-propos-de-nous\/blog\/","og_site_name":"EN SOLUTIONS Hydro","article_modified_time":"2026-03-19T15:46:13+00:00","og_image":[{"width":1267,"height":709,"url":"https:\/\/ensolutions.ca\/wp-content\/uploads\/2025\/11\/dam.jpg","type":"image\/jpeg"}],"twitter_card":"summary_large_image","twitter_misc":{"Estimation du temps de lecture":"2 minutes"},"schema":{"@context":"https:\/\/schema.org","@graph":[{"@type":"WebPage","@id":"https:\/\/ensolutions.ca\/en\/about-us\/blog\/","url":"https:\/\/ensolutions.ca\/en\/about-us\/blog\/","name":"Blog | EN SOLUTIONS Hydro","isPartOf":{"@id":"https:\/\/ensolutions.ca\/en\/#website"},"primaryImageOfPage":{"@id":"https:\/\/ensolutions.ca\/en\/about-us\/blog\/#primaryimage"},"image":{"@id":"https:\/\/ensolutions.ca\/en\/about-us\/blog\/#primaryimage"},"thumbnailUrl":"https:\/\/ensolutions.ca\/wp-content\/uploads\/2025\/11\/dam.jpg","datePublished":"2025-11-03T16:10:17+00:00","dateModified":"2026-03-19T15:46:13+00:00","breadcrumb":{"@id":"https:\/\/ensolutions.ca\/en\/about-us\/blog\/#breadcrumb"},"inLanguage":"fr-CA","potentialAction":[{"@type":"ReadAction","target":["https:\/\/ensolutions.ca\/en\/about-us\/blog\/"]}]},{"@type":"ImageObject","inLanguage":"fr-CA","@id":"https:\/\/ensolutions.ca\/en\/about-us\/blog\/#primaryimage","url":"https:\/\/ensolutions.ca\/wp-content\/uploads\/2025\/11\/dam.jpg","contentUrl":"https:\/\/ensolutions.ca\/wp-content\/uploads\/2025\/11\/dam.jpg","width":1267,"height":709},{"@type":"BreadcrumbList","@id":"https:\/\/ensolutions.ca\/en\/about-us\/blog\/#breadcrumb","itemListElement":[{"@type":"ListItem","position":1,"name":"Home","item":"https:\/\/ensolutions.ca\/en\/"},{"@type":"ListItem","position":2,"name":"About Us","item":"https:\/\/ensolutions.ca\/en\/about-us\/"},{"@type":"ListItem","position":3,"name":"Blog"}]},{"@type":"WebSite","@id":"https:\/\/ensolutions.ca\/en\/#website","url":"https:\/\/ensolutions.ca\/en\/","name":"EN SOLUTIONS Hydro","description":"We help you take care of your assets","publisher":{"@id":"https:\/\/ensolutions.ca\/en\/#organization"},"potentialAction":[{"@type":"SearchAction","target":{"@type":"EntryPoint","urlTemplate":"https:\/\/ensolutions.ca\/en\/?s={search_term_string}"},"query-input":{"@type":"PropertyValueSpecification","valueRequired":true,"valueName":"search_term_string"}}],"inLanguage":"fr-CA"},{"@type":"Organization","@id":"https:\/\/ensolutions.ca\/en\/#organization","name":"EN SOLUTIONS Hydro","url":"https:\/\/ensolutions.ca\/en\/","logo":{"@type":"ImageObject","inLanguage":"fr-CA","@id":"https:\/\/ensolutions.ca\/en\/#\/schema\/logo\/image\/","url":"https:\/\/ensolutions.ca\/wp-content\/uploads\/2022\/10\/logo.png","contentUrl":"https:\/\/ensolutions.ca\/wp-content\/uploads\/2022\/10\/logo.png","width":1600,"height":479,"caption":"EN SOLUTIONS Hydro"},"image":{"@id":"https:\/\/ensolutions.ca\/en\/#\/schema\/logo\/image\/"},"sameAs":["https:\/\/www.linkedin.com\/company\/en-solutions-hydro"]}]}},"_links":{"self":[{"href":"https:\/\/ensolutions.ca\/fr\/wp-json\/wp\/v2\/pages\/57003","targetHints":{"allow":["GET"]}}],"collection":[{"href":"https:\/\/ensolutions.ca\/fr\/wp-json\/wp\/v2\/pages"}],"about":[{"href":"https:\/\/ensolutions.ca\/fr\/wp-json\/wp\/v2\/types\/page"}],"author":[{"embeddable":true,"href":"https:\/\/ensolutions.ca\/fr\/wp-json\/wp\/v2\/users\/4"}],"replies":[{"embeddable":true,"href":"https:\/\/ensolutions.ca\/fr\/wp-json\/wp\/v2\/comments?post=57003"}],"version-history":[{"count":19,"href":"https:\/\/ensolutions.ca\/fr\/wp-json\/wp\/v2\/pages\/57003\/revisions"}],"predecessor-version":[{"id":57492,"href":"https:\/\/ensolutions.ca\/fr\/wp-json\/wp\/v2\/pages\/57003\/revisions\/57492"}],"up":[{"embeddable":true,"href":"https:\/\/ensolutions.ca\/fr\/wp-json\/wp\/v2\/pages\/30"}],"wp:featuredmedia":[{"embeddable":true,"href":"https:\/\/ensolutions.ca\/fr\/wp-json\/wp\/v2\/media\/56995"}],"wp:attachment":[{"href":"https:\/\/ensolutions.ca\/fr\/wp-json\/wp\/v2\/media?parent=57003"}],"curies":[{"name":"wp","href":"https:\/\/api.w.org\/{rel}","templated":true}]}}