{"id":34796,"date":"2023-09-06T18:15:49","date_gmt":"2023-09-06T18:15:49","guid":{"rendered":"https:\/\/ensolutions.ca\/?page_id=34796"},"modified":"2023-10-10T04:31:24","modified_gmt":"2023-10-10T04:31:24","slug":"privacy-policy","status":"publish","type":"page","link":"https:\/\/ensolutions.ca\/fr\/politique-de-confidentialite\/","title":{"rendered":"Politique de confidentialit\u00e9"},"content":{"rendered":"<div data-elementor-type=\"wp-page\" data-elementor-id=\"34796\" class=\"elementor elementor-34796\">\n\t\t\t\t\t\t<section class=\"elementor-section elementor-top-section elementor-element elementor-element-eab84c5 elementor-section-boxed elementor-section-height-default elementor-section-height-default\" data-id=\"eab84c5\" data-element_type=\"section\" data-e-type=\"section\">\n\t\t\t\t\t\t<div class=\"elementor-container elementor-column-gap-default\">\n\t\t\t\t\t<div class=\"elementor-column elementor-col-100 elementor-top-column elementor-element elementor-element-bf86cb7\" data-id=\"bf86cb7\" data-element_type=\"column\" data-e-type=\"column\">\n\t\t\t<div class=\"elementor-widget-wrap elementor-element-populated\">\n\t\t\t\t\t\t<div class=\"elementor-element elementor-element-ea6ce14 elementor-widget elementor-widget-spacer\" data-id=\"ea6ce14\" data-element_type=\"widget\" data-e-type=\"widget\" data-widget_type=\"spacer.default\">\n\t\t\t\t<div class=\"elementor-widget-container\">\n\t\t\t\t\t\t\t<div class=\"elementor-spacer\">\n\t\t\t<div class=\"elementor-spacer-inner\"><\/div>\n\t\t<\/div>\n\t\t\t\t\t\t<\/div>\n\t\t\t\t<\/div>\n\t\t\t\t<div class=\"elementor-element elementor-element-7ce618a elementor-widget__width-initial elementor-widget elementor-widget-text-editor\" data-id=\"7ce618a\" data-element_type=\"widget\" data-e-type=\"widget\" data-widget_type=\"text-editor.default\">\n\t\t\t\t<div class=\"elementor-widget-container\">\n\t\t\t\t\t\t\t\t\t<p>Derni\u00e8re r\u00e9vision\u00a0: [2023-09-06]<br>Cette politique de confidentialit\u00e9 est conforme aux conditions g\u00e9n\u00e9rales de ce site Web (le \u00ab site Web \u00bb) maintenu par 15226961 Canada Inc. (la \u00ab Soci\u00e9t\u00e9 \u00bb). Cette politique de confidentialit\u00e9 s&#039;applique au site Web et \u00e0 tous les produits et services propos\u00e9s par la soci\u00e9t\u00e9 et son site Web.<\/p>\n<p>La Soci\u00e9t\u00e9 s&#039;engage \u00e0 prot\u00e9ger votre vie priv\u00e9e en ligne. Notre politique de confidentialit\u00e9 expos\u00e9e ci-dessous (la \u00ab\u00a0Politique de confidentialit\u00e9\u00a0\u00bb) explique comment nous traitons votre nom, votre adresse, votre num\u00e9ro de t\u00e9l\u00e9phone, votre adresse e-mail, vos informations de carte de cr\u00e9dit, votre code postal, votre ville, ainsi que votre nom, votre \u00e2ge et tout autre \u00e9l\u00e9ment. toutes les autres informations fournies \u00e0 votre sujet sur notre site Web par le biais de lettres, de courriels ou de commentaires en ligne (vos \u00ab\u00a0Informations personnelles\u00a0\u00bb).<\/p>\n<p>Sur tout le site Web, les termes \u00ab nous \u00bb, \u00ab notre \u00bb et \u00ab notre \u00bb font r\u00e9f\u00e9rence \u00e0 la Soci\u00e9t\u00e9. Sauf indication contraire, le terme \u00ab Soci\u00e9t\u00e9 \u00bb utilis\u00e9 dans les Conditions g\u00e9n\u00e9rales et la pr\u00e9sente Politique de confidentialit\u00e9 inclut 7th Laurel Immigration Consulting Inc., ses titulaires de licence et leurs dirigeants, administrateurs, employ\u00e9s, fournisseurs, agents, soci\u00e9t\u00e9s affili\u00e9es, filiales, successeurs respectifs. , et les cessionnaires.<br>Veuillez noter qu&#039;en visitant le site Web, vous acceptez les pratiques d\u00e9crites dans notre politique de confidentialit\u00e9 et acceptez d&#039;\u00eatre li\u00e9 par la politique de confidentialit\u00e9 et par toute autre loi, statut et\/ou r\u00e9glementation applicable. Nous pouvons modifier cette politique de confidentialit\u00e9 \u00e0 tout moment sans pr\u00e9avis, \u00e0 compter de sa publication sur le site Web. Votre utilisation continue du site Web sera consid\u00e9r\u00e9e comme votre acceptation de la politique de confidentialit\u00e9 r\u00e9vis\u00e9e.<\/p>\n<p>Si vous n&#039;\u00eates pas d&#039;accord avec les termes de cette politique de confidentialit\u00e9, veuillez ne pas utiliser le site Web.<\/p>\n<p><b>Consentement<\/b><br>Chaque fois que vous visitez le site Web, vous inscrivez \u00e0 un ou plusieurs des services offerts ou nous fournissez des informations, vous consentez \u00e0 la collecte, \u00e0 l&#039;utilisation et \u00e0 la divulgation de vos informations par la Soci\u00e9t\u00e9 conform\u00e9ment aux termes de la Politique de confidentialit\u00e9.<\/p>\n<p><b>Modifications de la politique de confidentialit\u00e9<\/b><br>Veuillez consulter p\u00e9riodiquement cette politique de confidentialit\u00e9 car elle peut \u00eatre mise \u00e0 jour de temps \u00e0 autre. Toute modification apport\u00e9e \u00e0 la politique de confidentialit\u00e9 entrera en vigueur et vous liera imm\u00e9diatement apr\u00e8s la publication de ces modifications sur ce site Web.<br>Veuillez \u00e9galement consulter les conditions g\u00e9n\u00e9rales de notre site Web pour conna\u00eetre d&#039;autres conditions g\u00e9n\u00e9rales r\u00e9gissant votre utilisation du site Web, des produits et des services.<\/p>\n<p><b>Biscuits<\/b><br>En plus des informations fournies par les utilisateurs de notre site Web, la Soci\u00e9t\u00e9 utilise les outils de suivi Internet normaux associ\u00e9s aux protocoles Internet standard et aux syst\u00e8mes Web. Ces informations syst\u00e8me sont g\u00e9n\u00e9ralement stock\u00e9es dans des fichiers journaux et sont utilis\u00e9es pour la cr\u00e9ation de rapports agr\u00e9g\u00e9s. Les rapports agr\u00e9g\u00e9s incluent le nombre total de visiteurs, les sections les plus visit\u00e9es, les heures de pointe du trafic, etc. Les fichiers journaux sont simplement des enregistrements de transactions conserv\u00e9s par les serveurs Web. Ces journaux sont utilis\u00e9s pour enregistrer des informations, telles que\u00a0:<br>\u2022 adresses IP des fournisseurs de services\u00a0;<br>\u2022 versions du navigateur\u00a0;<br>\u2022 sites Web r\u00e9f\u00e9rents ;<br>\u2022 les termes de recherche utilis\u00e9s\u00a0;<br>\u2022 nombre moyen de pages demand\u00e9es ;<br>\u2022 dur\u00e9e moyenne de visite ;<br>\u2022 Trafic total de visiteurs.<br>La Soci\u00e9t\u00e9 utilise les informations globales recueillies lors de votre visite pour mieux concevoir notre site Web. Ces informations nous fournissent une image g\u00e9n\u00e9rale de la mani\u00e8re dont les gens utilisent notre site Web afin de faciliter la gestion de nos syst\u00e8mes et de mieux servir notre public.<br>Les \u00ab\u00a0informations globales\u00a0\u00bb sont des informations standard sur le trafic du serveur Web\/des visiteurs concernant les mod\u00e8les globaux de trafic du site Web. La Soci\u00e9t\u00e9 ne rend pas compte des sessions utilisateur individuelles. Les serveurs Web collectent normalement ce type d&#039;informations de base dans le cadre de leurs processus de journalisation Web.<br>Ces informations globales ne vous identifient pas et ne constituent donc pas des informations personnelles.<\/p>\n<p><b>Collecte de renseignements personnels<\/b><br>Les informations personnelles sont toute information qui vous identifie ou qui permet de d\u00e9duire votre identit\u00e9. Les informations personnelles n\u2019incluent pas les coordonn\u00e9es professionnelles ni les informations accessibles au public. Le site Web recueille vos informations personnelles \u00e0 des fins qui vous sont identifi\u00e9es au moment de la collecte.<br>Si vous avez moins de 18 ans, vous ne pouvez utiliser les Services qu&#039;avec le consentement de votre parent ou tuteur l\u00e9gal. Veuillez vous assurer que votre parent ou tuteur l\u00e9gal a examin\u00e9 et discut\u00e9 avec vous de nos conditions g\u00e9n\u00e9rales et de notre politique de confidentialit\u00e9.<br>Si vous \u00eates un parent ou un tuteur l\u00e9gal qui a consenti \u00e0 ce que votre ou vos enfants utilisent les services du site Web, assurez-vous de discuter de l&#039;importance de ne pas fournir d&#039;informations personnelles en ligne.<br>La Soci\u00e9t\u00e9 collecte les informations qui sont soumises via notre formulaire g\u00e9n\u00e9r\u00e9 par HTML\/Serveur, ou tout autre formulaire de ce type qui est envoy\u00e9 par courrier \u00e9lectronique, postal ou fax\u00e9 \u00e0 la Soci\u00e9t\u00e9. Par exemple, la Soci\u00e9t\u00e9 peut recueillir votre pr\u00e9nom et votre nom, votre adresse e-mail et l&#039;objet de votre demande dans le but de r\u00e9pondre \u00e0 vos demandes sp\u00e9cifiques d&#039;informations et de d\u00e9terminer les services qui vous seront fournis.<br>Nous pouvons envoyer des e-mails p\u00e9riodiques \u00e0 votre adresse e-mail que vous avez fournie pour envoyer des promotions ou r\u00e9pondre \u00e0 vos demandes et\/ou demandes ou questions.<br>Vos informations personnelles peuvent \u00e9galement \u00eatre utilis\u00e9es par la Soci\u00e9t\u00e9 pour vous contacter au sujet d&#039;autres produits ou services susceptibles de vous int\u00e9resser.<br>La Soci\u00e9t\u00e9 limite la collecte de renseignements personnels \u00e0 la quantit\u00e9 et au type d&#039;informations n\u00e9cessaires pour atteindre les fins pour lesquelles elles sont collect\u00e9es.<\/p>\n<p>Dans<b>formation Recueillies sur le Site Internet<\/b><\/p>\n<p><span style=\"letter-spacing: 0px;\">Si vous choisissez de nous fournir des informations personnelles dans un e-mail, nous utiliserons ces informations pour r\u00e9pondre \u00e0 votre message. La Soci\u00e9t\u00e9 ne collecte pas d&#039;informations personnelles \u00e0 des fins commerciales, de marketing ou de distribution \u00e0 des organisations priv\u00e9es.<\/span><\/p>\n<p>Il est possible que les messages envoy\u00e9s par email soient intercept\u00e9s, \u00e0 ce titre, la Soci\u00e9t\u00e9 ne garantit pas la s\u00e9curit\u00e9 des communications par email. Si vous souhaitez envoyer vos informations personnelles par courrier \u00e9lectronique, vous pouvez nous contacter par t\u00e9l\u00e9phone ou par courrier ordinaire.<\/p>\n<p>S<b>stockage des informations personnelles<\/b><\/p>\n<p>Nous stockons les informations personnelles que vous fournissez pour les utiliser dans nos bases de donn\u00e9es informatiques en relation avec votre compte cr\u00e9\u00e9 par l&#039;utilisateur. Nous poss\u00e9dons, entretenons et exploitons nos serveurs informatiques contenant nos bases de donn\u00e9es. Nous utilisons des pare-feu et d&#039;autres mesures de s\u00e9curit\u00e9 pour prot\u00e9ger nos serveurs.<\/p>\n<p><b>Utilisation des informations personnelles<\/b><\/p>\n<p>La Soci\u00e9t\u00e9 recueille, utilise et divulgue des informations personnelles aux fins limit\u00e9es suivantes\u00a0:<br>(a) pour traiter les candidatures soumises \u00e0 la Soci\u00e9t\u00e9\u00a0;<br>(b) faciliter les consultations avec les clients\u00a0;<br>(c) pour administrer nos bases de donn\u00e9es clients\u00a0;<br>(d) \u00e9tablir et maintenir des listes de clients\u00a0;<br>(e) pour \u00e9tablir et maintenir des listes de diffusion, qui sont utilis\u00e9es pour communiquer avec vous au cours de nos services et pour vous inclure dans toute activit\u00e9 de marketing direct men\u00e9e par notre soci\u00e9t\u00e9 (telle que l&#039;envoi de newsletters ou d&#039;invitations \u00e0 des \u00e9v\u00e9nements que nous pouvons diriger). Si vous nous dites que vous ne souhaitez pas recevoir d&#039;informations sur nos services, nous ne vous enverrons aucun autre mat\u00e9riel ; et,<br>(f) fournir tout autre service n\u00e9cessaire.<\/p>\n<p><b>Divulgation de renseignements personnels<\/b><br>La Soci\u00e9t\u00e9 ne divulguera pas d&#039;informations personnelles \u00e0 d&#039;autres personnes, sauf dans les cas suivants\u00a0:<br>(a) dans la mesure n\u00e9cessaire aux fins identifi\u00e9es, telles que d\u00e9crites au moment de la collecte\u00a0; ou,&nbsp;<\/p><p><span style=\"letter-spacing: 0px;\">(b) \u00e0 d&#039;autres tiers, tels que des sponsors et des partenaires de contenu de sites Web, mais uniquement lorsque et dans la mesure o\u00f9 vous nous donnez votre autorisation pour le faire.<\/span><\/p><p>Dans certaines circonstances rares, la Soci\u00e9t\u00e9 peut \u00eatre amen\u00e9e \u00e0 collecter, utiliser ou divulguer vos informations personnelles \u00e0 votre insu et sans votre consentement. Par exemple, des raisons juridiques, m\u00e9dicales ou de s\u00e9curit\u00e9 peuvent rendre impossible ou peu pratique la recherche du consentement. Lorsque des informations sont collect\u00e9es \u00e0 des fins de d\u00e9tection et de pr\u00e9vention de la fraude ou \u00e0 des fins d&#039;application de la loi, la recherche de votre consentement peut aller \u00e0 l&#039;encontre de l&#039;objectif de la collecte des informations. La recherche du consentement peut \u00eatre impossible ou inappropri\u00e9e lorsque la personne est mineure, gravement malade ou mentalement handicap\u00e9e.<br>D<b>s\u00e9curit\u00e9 des donn\u00e9es<\/b><br>Afin d&#039;emp\u00eacher tout acc\u00e8s non autoris\u00e9, de maintenir l&#039;exactitude de vos informations personnelles et de garantir que vos informations personnelles sont utilis\u00e9es et divulgu\u00e9es uniquement conform\u00e9ment \u00e0 la pr\u00e9sente politique de confidentialit\u00e9, la Soci\u00e9t\u00e9 s&#039;efforce de maintenir des garanties physiques, \u00e9lectroniques, contractuelles et administratives pour s\u00e9curiser vos informations personnelles. collecter \u00e0 partir du site Web avec un niveau de s\u00e9curit\u00e9 adapt\u00e9 \u00e0 la sensibilit\u00e9 des informations personnelles collect\u00e9es. \u00c0 l&#039;exception des enqu\u00eates autoris\u00e9es par les forces de l&#039;ordre, aucune autre tentative n&#039;est faite pour identifier les utilisateurs individuels.<br><b>Loi applicable<\/b><br>Cette politique de confidentialit\u00e9 est destin\u00e9e \u00e0 \u00eatre r\u00e9gie, interpr\u00e9t\u00e9e et appliqu\u00e9e conform\u00e9ment aux lois du Canada et de l&#039;Ontario, y compris la Loi sur la protection des renseignements personnels et les documents \u00e9lectroniques.<\/p>\n<p>P.<b>Officier de Rivalit\u00e9 <\/b><\/p>\n<p>La Soci\u00e9t\u00e9 est responsable des informations personnelles que nous collectons et qui sont sous notre contr\u00f4le. Pour assumer cette responsabilit\u00e9, nous avons d\u00e9sign\u00e9 un responsable de la confidentialit\u00e9 qui sera responsable de notre politique de confidentialit\u00e9 et des proc\u00e9dures de gestion des informations personnelles et avons mis en \u0153uvre des mesures de s\u00e9curit\u00e9 et de formation appropri\u00e9es au sein de notre entreprise.<br>Si vous avez des questions ou des commentaires concernant cette politique de confidentialit\u00e9, veuillez contacter notre responsable de la confidentialit\u00e9 \u00e0 hello@ensolutions.ca.<\/p>\t\t\t\t\t\t\t\t<\/div>\n\t\t\t\t<\/div>\n\t\t\t\t\t<\/div>\n\t\t<\/div>\n\t\t\t\t\t<\/div>\n\t\t<\/section>\n\t\t\t\t<section class=\"elementor-section elementor-top-section elementor-element elementor-element-d171862 elementor-section-boxed elementor-section-height-default elementor-section-height-default\" data-id=\"d171862\" data-element_type=\"section\" data-e-type=\"section\">\n\t\t\t\t\t\t<div class=\"elementor-container elementor-column-gap-default\">\n\t\t\t\t\t<div class=\"elementor-column elementor-col-100 elementor-top-column elementor-element elementor-element-b6d27a7\" data-id=\"b6d27a7\" data-element_type=\"column\" data-e-type=\"column\">\n\t\t\t<div class=\"elementor-widget-wrap elementor-element-populated\">\n\t\t\t\t\t\t<div class=\"elementor-element elementor-element-733af28 elementor-widget elementor-widget-spacer\" data-id=\"733af28\" data-element_type=\"widget\" data-e-type=\"widget\" data-widget_type=\"spacer.default\">\n\t\t\t\t<div class=\"elementor-widget-container\">\n\t\t\t\t\t\t\t<div class=\"elementor-spacer\">\n\t\t\t<div class=\"elementor-spacer-inner\"><\/div>\n\t\t<\/div>\n\t\t\t\t\t\t<\/div>\n\t\t\t\t<\/div>\n\t\t\t\t\t<\/div>\n\t\t<\/div>\n\t\t\t\t\t<\/div>\n\t\t<\/section>\n\t\t\t\t<\/div>","protected":false},"excerpt":{"rendered":"<p>Derni\u00e8re r\u00e9vision\u00a0: [2023-09-06] Cette politique de confidentialit\u00e9 est conforme aux conditions g\u00e9n\u00e9rales de ce site Web (le \u00ab\u00a0site Web\u00a0\u00bb) maintenu par 15226961 Canada Inc. (la \u00ab\u00a0soci\u00e9t\u00e9\u00a0\u00bb). Cette politique de confidentialit\u00e9 s&#039;applique au site Web et \u00e0 tous les produits et services propos\u00e9s par la soci\u00e9t\u00e9 et son site Web. La Soci\u00e9t\u00e9 s&#039;engage \u00e0 prot\u00e9ger votre vie priv\u00e9e en ligne. Notre [\u2026]<\/p>","protected":false},"author":2,"featured_media":433,"parent":0,"menu_order":0,"comment_status":"closed","ping_status":"closed","template":"","meta":{"footnotes":""},"class_list":["post-34796","page","type-page","status-publish","has-post-thumbnail","hentry"],"yoast_head":"<!-- This site is optimized with the Yoast SEO plugin v26.9 - https:\/\/yoast.com\/product\/yoast-seo-wordpress\/ -->\n<title>Privacy Policy | EN SOLUTIONS Hydro<\/title>\n<meta name=\"robots\" content=\"noindex, nofollow\" \/>\n<meta property=\"og:locale\" content=\"fr_CA\" \/>\n<meta property=\"og:type\" content=\"article\" \/>\n<meta property=\"og:title\" content=\"Privacy Policy | EN SOLUTIONS Hydro\" \/>\n<meta property=\"og:description\" content=\"Latest Revision: [2023-09-06] This Privacy Policy is in accordance with the Terms and Conditions of this website (the \u2018Website\u201d) maintained by 15226961 Canada Inc. (the \u201cCompany\u201d). This Privacy Policy applies to the Website and all products and services offered by the Company and its Website. The Company is committed to safeguarding your privacy online. Our [&hellip;]\" \/>\n<meta property=\"og:url\" content=\"https:\/\/ensolutions.ca\/fr\/politique-de-confidentialite\/\" \/>\n<meta property=\"og:site_name\" content=\"EN SOLUTIONS Hydro\" \/>\n<meta property=\"article:modified_time\" content=\"2023-10-10T04:31:24+00:00\" \/>\n<meta property=\"og:image\" content=\"https:\/\/ensolutions.ca\/wp-content\/uploads\/2021\/06\/page_bg_7.jpg\" \/>\n\t<meta property=\"og:image:width\" content=\"1600\" \/>\n\t<meta property=\"og:image:height\" content=\"548\" \/>\n\t<meta property=\"og:image:type\" content=\"image\/jpeg\" \/>\n<meta name=\"twitter:card\" content=\"summary_large_image\" \/>\n<meta name=\"twitter:label1\" content=\"Estimation du temps de lecture\" \/>\n\t<meta name=\"twitter:data1\" content=\"7 minutes\" \/>\n<script type=\"application\/ld+json\" class=\"yoast-schema-graph\">{\"@context\":\"https:\/\/schema.org\",\"@graph\":[{\"@type\":\"WebPage\",\"@id\":\"https:\/\/ensolutions.ca\/privacy-policy\/\",\"url\":\"https:\/\/ensolutions.ca\/privacy-policy\/\",\"name\":\"Privacy Policy | EN SOLUTIONS Hydro\",\"isPartOf\":{\"@id\":\"https:\/\/ensolutions.ca\/en\/#website\"},\"primaryImageOfPage\":{\"@id\":\"https:\/\/ensolutions.ca\/privacy-policy\/#primaryimage\"},\"image\":{\"@id\":\"https:\/\/ensolutions.ca\/privacy-policy\/#primaryimage\"},\"thumbnailUrl\":\"https:\/\/ensolutions.ca\/wp-content\/uploads\/2021\/06\/page_bg_7.jpg\",\"datePublished\":\"2023-09-06T18:15:49+00:00\",\"dateModified\":\"2023-10-10T04:31:24+00:00\",\"breadcrumb\":{\"@id\":\"https:\/\/ensolutions.ca\/privacy-policy\/#breadcrumb\"},\"inLanguage\":\"fr-CA\",\"potentialAction\":[{\"@type\":\"ReadAction\",\"target\":[\"https:\/\/ensolutions.ca\/privacy-policy\/\"]}]},{\"@type\":\"ImageObject\",\"inLanguage\":\"fr-CA\",\"@id\":\"https:\/\/ensolutions.ca\/privacy-policy\/#primaryimage\",\"url\":\"https:\/\/ensolutions.ca\/wp-content\/uploads\/2021\/06\/page_bg_7.jpg\",\"contentUrl\":\"https:\/\/ensolutions.ca\/wp-content\/uploads\/2021\/06\/page_bg_7.jpg\",\"width\":1600,\"height\":548},{\"@type\":\"BreadcrumbList\",\"@id\":\"https:\/\/ensolutions.ca\/privacy-policy\/#breadcrumb\",\"itemListElement\":[{\"@type\":\"ListItem\",\"position\":1,\"name\":\"Home\",\"item\":\"https:\/\/ensolutions.ca\/en\/\"},{\"@type\":\"ListItem\",\"position\":2,\"name\":\"Privacy Policy\"}]},{\"@type\":\"WebSite\",\"@id\":\"https:\/\/ensolutions.ca\/en\/#website\",\"url\":\"https:\/\/ensolutions.ca\/en\/\",\"name\":\"EN SOLUTIONS Hydro\",\"description\":\"We help you take care of your assets\",\"publisher\":{\"@id\":\"https:\/\/ensolutions.ca\/en\/#organization\"},\"potentialAction\":[{\"@type\":\"SearchAction\",\"target\":{\"@type\":\"EntryPoint\",\"urlTemplate\":\"https:\/\/ensolutions.ca\/en\/?s={search_term_string}\"},\"query-input\":{\"@type\":\"PropertyValueSpecification\",\"valueRequired\":true,\"valueName\":\"search_term_string\"}}],\"inLanguage\":\"fr-CA\"},{\"@type\":\"Organization\",\"@id\":\"https:\/\/ensolutions.ca\/en\/#organization\",\"name\":\"EN SOLUTIONS Hydro\",\"url\":\"https:\/\/ensolutions.ca\/en\/\",\"logo\":{\"@type\":\"ImageObject\",\"inLanguage\":\"fr-CA\",\"@id\":\"https:\/\/ensolutions.ca\/en\/#\/schema\/logo\/image\/\",\"url\":\"https:\/\/ensolutions.ca\/wp-content\/uploads\/2022\/10\/logo.png\",\"contentUrl\":\"https:\/\/ensolutions.ca\/wp-content\/uploads\/2022\/10\/logo.png\",\"width\":1600,\"height\":479,\"caption\":\"EN SOLUTIONS Hydro\"},\"image\":{\"@id\":\"https:\/\/ensolutions.ca\/en\/#\/schema\/logo\/image\/\"},\"sameAs\":[\"https:\/\/www.linkedin.com\/company\/en-solutions-hydro\"]}]}<\/script>\n<!-- \/ Yoast SEO plugin. -->","yoast_head_json":{"title":"Privacy Policy | EN SOLUTIONS Hydro","robots":{"index":"noindex","follow":"nofollow"},"og_locale":"fr_CA","og_type":"article","og_title":"Privacy Policy | EN SOLUTIONS Hydro","og_description":"Latest Revision: [2023-09-06] This Privacy Policy is in accordance with the Terms and Conditions of this website (the \u2018Website\u201d) maintained by 15226961 Canada Inc. (the \u201cCompany\u201d). This Privacy Policy applies to the Website and all products and services offered by the Company and its Website. The Company is committed to safeguarding your privacy online. Our [&hellip;]","og_url":"https:\/\/ensolutions.ca\/fr\/politique-de-confidentialite\/","og_site_name":"EN SOLUTIONS Hydro","article_modified_time":"2023-10-10T04:31:24+00:00","og_image":[{"width":1600,"height":548,"url":"https:\/\/ensolutions.ca\/wp-content\/uploads\/2021\/06\/page_bg_7.jpg","type":"image\/jpeg"}],"twitter_card":"summary_large_image","twitter_misc":{"Estimation du temps de lecture":"7 minutes"},"schema":{"@context":"https:\/\/schema.org","@graph":[{"@type":"WebPage","@id":"https:\/\/ensolutions.ca\/privacy-policy\/","url":"https:\/\/ensolutions.ca\/privacy-policy\/","name":"Privacy Policy | EN SOLUTIONS Hydro","isPartOf":{"@id":"https:\/\/ensolutions.ca\/en\/#website"},"primaryImageOfPage":{"@id":"https:\/\/ensolutions.ca\/privacy-policy\/#primaryimage"},"image":{"@id":"https:\/\/ensolutions.ca\/privacy-policy\/#primaryimage"},"thumbnailUrl":"https:\/\/ensolutions.ca\/wp-content\/uploads\/2021\/06\/page_bg_7.jpg","datePublished":"2023-09-06T18:15:49+00:00","dateModified":"2023-10-10T04:31:24+00:00","breadcrumb":{"@id":"https:\/\/ensolutions.ca\/privacy-policy\/#breadcrumb"},"inLanguage":"fr-CA","potentialAction":[{"@type":"ReadAction","target":["https:\/\/ensolutions.ca\/privacy-policy\/"]}]},{"@type":"ImageObject","inLanguage":"fr-CA","@id":"https:\/\/ensolutions.ca\/privacy-policy\/#primaryimage","url":"https:\/\/ensolutions.ca\/wp-content\/uploads\/2021\/06\/page_bg_7.jpg","contentUrl":"https:\/\/ensolutions.ca\/wp-content\/uploads\/2021\/06\/page_bg_7.jpg","width":1600,"height":548},{"@type":"BreadcrumbList","@id":"https:\/\/ensolutions.ca\/privacy-policy\/#breadcrumb","itemListElement":[{"@type":"ListItem","position":1,"name":"Home","item":"https:\/\/ensolutions.ca\/en\/"},{"@type":"ListItem","position":2,"name":"Privacy Policy"}]},{"@type":"WebSite","@id":"https:\/\/ensolutions.ca\/en\/#website","url":"https:\/\/ensolutions.ca\/en\/","name":"EN SOLUTIONS Hydro","description":"We help you take care of your assets","publisher":{"@id":"https:\/\/ensolutions.ca\/en\/#organization"},"potentialAction":[{"@type":"SearchAction","target":{"@type":"EntryPoint","urlTemplate":"https:\/\/ensolutions.ca\/en\/?s={search_term_string}"},"query-input":{"@type":"PropertyValueSpecification","valueRequired":true,"valueName":"search_term_string"}}],"inLanguage":"fr-CA"},{"@type":"Organization","@id":"https:\/\/ensolutions.ca\/en\/#organization","name":"EN SOLUTIONS Hydro","url":"https:\/\/ensolutions.ca\/en\/","logo":{"@type":"ImageObject","inLanguage":"fr-CA","@id":"https:\/\/ensolutions.ca\/en\/#\/schema\/logo\/image\/","url":"https:\/\/ensolutions.ca\/wp-content\/uploads\/2022\/10\/logo.png","contentUrl":"https:\/\/ensolutions.ca\/wp-content\/uploads\/2022\/10\/logo.png","width":1600,"height":479,"caption":"EN SOLUTIONS Hydro"},"image":{"@id":"https:\/\/ensolutions.ca\/en\/#\/schema\/logo\/image\/"},"sameAs":["https:\/\/www.linkedin.com\/company\/en-solutions-hydro"]}]}},"_links":{"self":[{"href":"https:\/\/ensolutions.ca\/fr\/wp-json\/wp\/v2\/pages\/34796","targetHints":{"allow":["GET"]}}],"collection":[{"href":"https:\/\/ensolutions.ca\/fr\/wp-json\/wp\/v2\/pages"}],"about":[{"href":"https:\/\/ensolutions.ca\/fr\/wp-json\/wp\/v2\/types\/page"}],"author":[{"embeddable":true,"href":"https:\/\/ensolutions.ca\/fr\/wp-json\/wp\/v2\/users\/2"}],"replies":[{"embeddable":true,"href":"https:\/\/ensolutions.ca\/fr\/wp-json\/wp\/v2\/comments?post=34796"}],"version-history":[{"count":11,"href":"https:\/\/ensolutions.ca\/fr\/wp-json\/wp\/v2\/pages\/34796\/revisions"}],"predecessor-version":[{"id":41642,"href":"https:\/\/ensolutions.ca\/fr\/wp-json\/wp\/v2\/pages\/34796\/revisions\/41642"}],"wp:featuredmedia":[{"embeddable":true,"href":"https:\/\/ensolutions.ca\/fr\/wp-json\/wp\/v2\/media\/433"}],"wp:attachment":[{"href":"https:\/\/ensolutions.ca\/fr\/wp-json\/wp\/v2\/media?parent=34796"}],"curies":[{"name":"wp","href":"https:\/\/api.w.org\/{rel}","templated":true}]}}