{"id":1913,"date":"2022-10-13T21:37:29","date_gmt":"2022-10-13T21:37:29","guid":{"rendered":"https:\/\/ensolutions.ca\/?page_id=1913"},"modified":"2023-10-10T04:41:55","modified_gmt":"2023-10-10T04:41:55","slug":"tgm-markets","status":"publish","type":"page","link":"https:\/\/ensolutions.ca\/fr\/marches-tgm\/","title":{"rendered":"TGM Markets"},"content":{"rendered":"<div data-elementor-type=\"wp-page\" data-elementor-id=\"1913\" class=\"elementor elementor-1913\">\n\t\t\t\t\t\t<section class=\"elementor-section elementor-top-section elementor-element elementor-element-768504c elementor-section-content-middle elementor-reverse-tablet elementor-reverse-mobile elementor-section-boxed elementor-section-height-default elementor-section-height-default\" data-id=\"768504c\" data-element_type=\"section\" data-e-type=\"section\">\n\t\t\t\t\t\t<div class=\"elementor-container elementor-column-gap-no\">\n\t\t\t\t\t<div class=\"elementor-column elementor-col-50 elementor-top-column elementor-element elementor-element-b509e32\" data-id=\"b509e32\" data-element_type=\"column\" data-e-type=\"column\">\n\t\t\t<div class=\"elementor-widget-wrap elementor-element-populated\">\n\t\t\t\t\t\t<div class=\"elementor-element elementor-element-1383dba elementor-widget elementor-widget-image-carousel\" data-id=\"1383dba\" data-element_type=\"widget\" data-e-type=\"widget\" data-settings=\"{&quot;slides_to_show&quot;:&quot;1&quot;,&quot;navigation&quot;:&quot;none&quot;,&quot;autoplay_speed&quot;:3000,&quot;effect&quot;:&quot;fade&quot;,&quot;autoplay&quot;:&quot;yes&quot;,&quot;pause_on_hover&quot;:&quot;yes&quot;,&quot;pause_on_interaction&quot;:&quot;yes&quot;,&quot;infinite&quot;:&quot;yes&quot;,&quot;speed&quot;:500}\" data-widget_type=\"image-carousel.default\">\n\t\t\t\t<div class=\"elementor-widget-container\">\n\t\t\t\t\t\t\t<div class=\"elementor-image-carousel-wrapper swiper\" role=\"region\" aria-roledescription=\"carousel\" aria-label=\"Carrusel de im\u00e1genes\" dir=\"ltr\" data-no-translation-aria-label=\"\">\n\t\t\t<div class=\"elementor-image-carousel swiper-wrapper\" aria-live=\"off\">\n\t\t\t\t\t\t\t\t<div class=\"swiper-slide\" role=\"group\" aria-roledescription=\"slide\" aria-label=\"1 de 2\" data-no-translation-aria-label=\"\"><figure class=\"swiper-slide-inner\"><img decoding=\"async\" class=\"swiper-slide-image\" src=\"https:\/\/ensolutions.ca\/wp-content\/uploads\/2022\/10\/imageedit_8_6285692306.png\" alt=\"imageedit_8_6285692306\" \/><\/figure><\/div><div class=\"swiper-slide\" role=\"group\" aria-roledescription=\"slide\" aria-label=\"2 de 2\" data-no-translation-aria-label=\"\"><figure class=\"swiper-slide-inner\"><img decoding=\"async\" class=\"swiper-slide-image\" src=\"https:\/\/ensolutions.ca\/wp-content\/uploads\/2022\/10\/tgm-markets-phone.png\" alt=\"tgm-markets-t\u00e9l\u00e9phone\" \/><\/figure><\/div>\t\t\t<\/div>\n\t\t\t\t\t\t\t\n\t\t\t\t\t\t\t\t\t<\/div>\n\t\t\t\t\t\t<\/div>\n\t\t\t\t<\/div>\n\t\t\t\t\t<\/div>\n\t\t<\/div>\n\t\t\t\t<div class=\"elementor-column elementor-col-50 elementor-top-column elementor-element elementor-element-6966379\" data-id=\"6966379\" data-element_type=\"column\" data-e-type=\"column\">\n\t\t\t<div class=\"elementor-widget-wrap elementor-element-populated\">\n\t\t\t\t\t\t<div class=\"elementor-element elementor-element-b8fd838 elementor-widget elementor-widget-transx_heading\" data-id=\"b8fd838\" data-element_type=\"widget\" data-e-type=\"widget\" data-widget_type=\"transx_heading.default\">\n\t\t\t\t<div class=\"elementor-widget-container\">\n\t\t\t\t\t\n        <div class=\"transx_heading_widget\">\n                                <div class=\"transx_up_heading\">Logiciel leader de gestion des actifs hydro\u00e9lectriques<\/div>\n                    \n                <h2 class=\"transx_heading\">\n                    Turbine-Generator Maintenance Markets                <\/h2>\n                        <\/div>\n        \t\t\t\t<\/div>\n\t\t\t\t<\/div>\n\t\t\t\t<div class=\"elementor-element elementor-element-d43e9c0 elementor-widget elementor-widget-text-editor\" data-id=\"d43e9c0\" data-element_type=\"widget\" data-e-type=\"widget\" data-widget_type=\"text-editor.default\">\n\t\t\t\t<div class=\"elementor-widget-container\">\n\t\t\t\t\t\t\t\t\t<p>Au-del\u00e0 des conf\u00e9rences r\u00e9gionales et internationales sur l'hydro\u00e9lectricit\u00e9, il est difficile de trouver une plate-forme internationale qui relie directement les acteurs de l'hydro\u00e9lectricit\u00e9, notamment les compagnies d\u2019\u00e9lectricit\u00e9 et compagnies de services. En d'autres termes, il peut \u00eatre difficile \u00e0 une compagnie d\u2019\u00e9lectricit\u00e9 d\u2019avoir acc\u00e8s \u00e0 un large \u00e9ventail de compagnies de services et de fournisseurs d\u2019autres r\u00e9gions.<\/p>\t\t\t\t\t\t\t\t<\/div>\n\t\t\t\t<\/div>\n\t\t\t\t<section class=\"elementor-section elementor-inner-section elementor-element elementor-element-2db0de8 elementor-section-boxed elementor-section-height-default elementor-section-height-default\" data-id=\"2db0de8\" data-element_type=\"section\" data-e-type=\"section\">\n\t\t\t\t\t\t<div class=\"elementor-container elementor-column-gap-default\">\n\t\t\t\t\t<div class=\"elementor-column elementor-col-100 elementor-inner-column elementor-element elementor-element-5dba834\" data-id=\"5dba834\" data-element_type=\"column\" data-e-type=\"column\">\n\t\t\t<div class=\"elementor-widget-wrap elementor-element-populated\">\n\t\t\t\t\t\t<div class=\"elementor-element elementor-element-98e649d elementor-widget elementor-widget-text-editor\" data-id=\"98e649d\" data-element_type=\"widget\" data-e-type=\"widget\" data-widget_type=\"text-editor.default\">\n\t\t\t\t<div class=\"elementor-widget-container\">\n\t\t\t\t\t\t\t\t\t<p>A cette fin, le portail d\u00e9di\u00e9 \u00ab<strong>Turbine-Generator Maintenance Markets<\/strong>\u201d (<strong>TGM Markets<\/strong>) permet aux compagnies d\u2019\u00e9lectricit\u00e9 de rentrer en contact plus facilement avec les compagnies de service, sous-traitants et fournisseurs par le biais d'appels d'offres et de demandes de devis (RFQ).<\/p>\t\t\t\t\t\t\t\t<\/div>\n\t\t\t\t<\/div>\n\t\t\t\t\t<\/div>\n\t\t<\/div>\n\t\t\t\t\t<\/div>\n\t\t<\/section>\n\t\t\t\t\t<\/div>\n\t\t<\/div>\n\t\t\t\t\t<\/div>\n\t\t<\/section>\n\t\t\t\t<section class=\"elementor-section elementor-top-section elementor-element elementor-element-f4830f8 elementor-section-stretched elementor-section-boxed elementor-section-height-default elementor-section-height-default\" data-id=\"f4830f8\" data-element_type=\"section\" data-e-type=\"section\" data-settings=\"{&quot;stretch_section&quot;:&quot;section-stretched&quot;,&quot;background_background&quot;:&quot;classic&quot;}\">\n\t\t\t\t\t\t<div class=\"elementor-container elementor-column-gap-default\">\n\t\t\t\t\t<div class=\"elementor-column elementor-col-100 elementor-top-column elementor-element elementor-element-23a3261\" data-id=\"23a3261\" data-element_type=\"column\" data-e-type=\"column\">\n\t\t\t<div class=\"elementor-widget-wrap elementor-element-populated\">\n\t\t\t\t\t\t<div class=\"elementor-element elementor-element-40af792 elementor-widget elementor-widget-transx_heading\" data-id=\"40af792\" data-element_type=\"widget\" data-e-type=\"widget\" data-widget_type=\"transx_heading.default\">\n\t\t\t\t<div class=\"elementor-widget-container\">\n\t\t\t\t\t\n        <div class=\"transx_heading_widget\">\n                                <div class=\"transx_up_heading_overlay\"><\/div>\n                    \n                <h2 class=\"transx_heading\">\n                    Avantages<br>de <span>TGM Markets<\/span>                <\/h2>\n                        <\/div>\n        \t\t\t\t<\/div>\n\t\t\t\t<\/div>\n\t\t\t\t<section class=\"elementor-section elementor-inner-section elementor-element elementor-element-863193c elementor-section-boxed elementor-section-height-default elementor-section-height-default\" data-id=\"863193c\" data-element_type=\"section\" data-e-type=\"section\">\n\t\t\t\t\t\t<div class=\"elementor-container elementor-column-gap-extended\">\n\t\t\t\t\t<div class=\"elementor-column elementor-col-33 elementor-inner-column elementor-element elementor-element-6a8b5f5\" data-id=\"6a8b5f5\" data-element_type=\"column\" data-e-type=\"column\">\n\t\t\t<div class=\"elementor-widget-wrap elementor-element-populated\">\n\t\t\t\t\t\t<div class=\"elementor-element elementor-element-1e3ecfe elementor-widget elementor-widget-transx_icon_box\" data-id=\"1e3ecfe\" data-element_type=\"widget\" data-e-type=\"widget\" data-widget_type=\"transx_icon_box.default\">\n\t\t\t\t<div class=\"elementor-widget-container\">\n\t\t\t\t\t\n        <div class=\"transx_icon_box_widget\">\n            <div class=\"transx_icon_box_item transx_view_type_1\">\n                                    <div class=\"transx_icon_container\">\n                                                    <span class=\"transx_icon_box_text\">01<\/span>\n                                                <\/div>\n                    \n                                            <h5 class=\"transx_icon_box_title\">\n                                \n                                Soumission aux offres disponibles des centrales hydro\u00e9lectriques                            <\/h5>\n                            \n                                <\/div>\n        <\/div>\n        \t\t\t\t<\/div>\n\t\t\t\t<\/div>\n\t\t\t\t\t<\/div>\n\t\t<\/div>\n\t\t\t\t<div class=\"elementor-column elementor-col-33 elementor-inner-column elementor-element elementor-element-0479a8e\" data-id=\"0479a8e\" data-element_type=\"column\" data-e-type=\"column\">\n\t\t\t<div class=\"elementor-widget-wrap elementor-element-populated\">\n\t\t\t\t\t\t<div class=\"elementor-element elementor-element-d892a18 elementor-widget elementor-widget-transx_icon_box\" data-id=\"d892a18\" data-element_type=\"widget\" data-e-type=\"widget\" data-widget_type=\"transx_icon_box.default\">\n\t\t\t\t<div class=\"elementor-widget-container\">\n\t\t\t\t\t\n        <div class=\"transx_icon_box_widget\">\n            <div class=\"transx_icon_box_item transx_view_type_1\">\n                                    <div class=\"transx_icon_container\">\n                                                    <span class=\"transx_icon_box_text\">02<\/span>\n                                                <\/div>\n                    \n                                            <h5 class=\"transx_icon_box_title\">\n                                \n                                Capacit\u00e9 \u00e0 se connecter plus facilement aux compagnies d\u2019\u00e9lectricit\u00e9                            <\/h5>\n                            \n                                <\/div>\n        <\/div>\n        \t\t\t\t<\/div>\n\t\t\t\t<\/div>\n\t\t\t\t\t<\/div>\n\t\t<\/div>\n\t\t\t\t<div class=\"elementor-column elementor-col-33 elementor-inner-column elementor-element elementor-element-72ce735\" data-id=\"72ce735\" data-element_type=\"column\" data-e-type=\"column\">\n\t\t\t<div class=\"elementor-widget-wrap elementor-element-populated\">\n\t\t\t\t\t\t<div class=\"elementor-element elementor-element-e4156c9 elementor-widget elementor-widget-transx_icon_box\" data-id=\"e4156c9\" data-element_type=\"widget\" data-e-type=\"widget\" data-widget_type=\"transx_icon_box.default\">\n\t\t\t\t<div class=\"elementor-widget-container\">\n\t\t\t\t\t\n        <div class=\"transx_icon_box_widget\">\n            <div class=\"transx_icon_box_item transx_view_type_1\">\n                                    <div class=\"transx_icon_container\">\n                                                    <span class=\"transx_icon_box_text\">03<\/span>\n                                                <\/div>\n                    \n                                            <h5 class=\"transx_icon_box_title\">\n                                \n                                De nouvelles opportunit\u00e9s pour vos produits et services                            <\/h5>\n                            \n                                <\/div>\n        <\/div>\n        \t\t\t\t<\/div>\n\t\t\t\t<\/div>\n\t\t\t\t\t<\/div>\n\t\t<\/div>\n\t\t\t\t\t<\/div>\n\t\t<\/section>\n\t\t\t\t<div class=\"elementor-element elementor-element-d8cdb16 elementor-widget elementor-widget-transx_button\" data-id=\"d8cdb16\" data-element_type=\"widget\" data-e-type=\"widget\" data-widget_type=\"transx_button.default\">\n\t\t\t\t<div class=\"elementor-widget-container\">\n\t\t\t\t\t\n        <div class=\"transx_button_widget\">\n            <div class=\"transx_button_container\">\n                <a class=\"transx_button transx_button--primary\" href=\"https:\/\/ensolutions.ca\/fr\/contact-hydroelectricite-solutions\/\" >\n                    <span>Abonnez-vous au portail<\/span>\n<!--                    <svg class=\"icon\">-->\n<!--                        <svg viewBox=\"0 0 150 78.6\" xmlns=\"http:\/\/www.w3.org\/2000\/svg\"><path d=\"M0 31.5h150v12.7H0V31.5zM112.8-.1l30.9 31.5-8.8 9L104 8.9l8.8-9zm18.1 51l-18.4 18.8 8.9 9 18.4-18.8-8.9-9z\"\/><\/svg>-->\n<!--                    <\/svg>-->\n                <\/a>\n            <\/div>\n        <\/div>\n        \t\t\t\t<\/div>\n\t\t\t\t<\/div>\n\t\t\t\t\t<\/div>\n\t\t<\/div>\n\t\t\t\t\t<\/div>\n\t\t<\/section>\n\t\t\t\t<section class=\"elementor-section elementor-top-section elementor-element elementor-element-9c0b957 elementor-section-content-middle elementor-section-stretched elementor-section-boxed elementor-section-height-default elementor-section-height-default\" data-id=\"9c0b957\" data-element_type=\"section\" data-e-type=\"section\" data-settings=\"{&quot;stretch_section&quot;:&quot;section-stretched&quot;,&quot;background_background&quot;:&quot;classic&quot;}\">\n\t\t\t\t\t\t<div class=\"elementor-container elementor-column-gap-default\">\n\t\t\t\t\t<div class=\"elementor-column elementor-col-50 elementor-top-column elementor-element elementor-element-4d6693c\" data-id=\"4d6693c\" data-element_type=\"column\" data-e-type=\"column\">\n\t\t\t<div class=\"elementor-widget-wrap elementor-element-populated\">\n\t\t\t\t\t\t<div class=\"elementor-element elementor-element-299b0bf elementor-widget elementor-widget-transx_heading\" data-id=\"299b0bf\" data-element_type=\"widget\" data-e-type=\"widget\" data-widget_type=\"transx_heading.default\">\n\t\t\t\t<div class=\"elementor-widget-container\">\n\t\t\t\t\t\n        <div class=\"transx_heading_widget\">\n                                <div class=\"transx_up_heading\">Int\u00e9ress\u00e9 par une d\u00e9mo ?<\/div>\n                    \n                <h2 class=\"transx_heading\">\n                    Contactez-nous d\u00e8s aujourd&#039;hui et plongez dans une exp\u00e9rience unique de gestion de la maintenance !                <\/h2>\n                        <\/div>\n        \t\t\t\t<\/div>\n\t\t\t\t<\/div>\n\t\t\t\t\t<\/div>\n\t\t<\/div>\n\t\t\t\t<div class=\"elementor-column elementor-col-50 elementor-top-column elementor-element elementor-element-7e49d23\" data-id=\"7e49d23\" data-element_type=\"column\" data-e-type=\"column\">\n\t\t\t<div class=\"elementor-widget-wrap elementor-element-populated\">\n\t\t\t\t\t\t<div class=\"elementor-element elementor-element-e898997 elementor-widget elementor-widget-transx_button\" data-id=\"e898997\" data-element_type=\"widget\" data-e-type=\"widget\" data-widget_type=\"transx_button.default\">\n\t\t\t\t<div class=\"elementor-widget-container\">\n\t\t\t\t\t\n        <div class=\"transx_button_widget\">\n            <div class=\"transx_button_container\">\n                <a class=\"transx_button transx_button--primary\" href=\"https:\/\/ensolutions.ca\/fr\/contact-hydroelectricite-solutions\/\" target=\"_blank\">\n                    <span>Contactez-nous<\/span>\n<!--                    <svg class=\"icon\">-->\n<!--                        <svg viewBox=\"0 0 150 78.6\" xmlns=\"http:\/\/www.w3.org\/2000\/svg\"><path d=\"M0 31.5h150v12.7H0V31.5zM112.8-.1l30.9 31.5-8.8 9L104 8.9l8.8-9zm18.1 51l-18.4 18.8 8.9 9 18.4-18.8-8.9-9z\"\/><\/svg>-->\n<!--                    <\/svg>-->\n                <\/a>\n            <\/div>\n        <\/div>\n        \t\t\t\t<\/div>\n\t\t\t\t<\/div>\n\t\t\t\t\t<\/div>\n\t\t<\/div>\n\t\t\t\t\t<\/div>\n\t\t<\/section>\n\t\t\t\t<\/div>","protected":false},"excerpt":{"rendered":"<p>En dehors des conf\u00e9rences r\u00e9gionales et internationales sur l\u2019hydro\u00e9lectricit\u00e9, il est difficile de trouver une plateforme mondiale reliant directement les acteurs de l\u2019hydro\u00e9lectricit\u00e9. En d\u2019autres termes, une entreprise de services publics qui lance un appel d\u2019offres ou recherche une expertise peut ne pas avoir acc\u00e8s \u00e0 un large \u00e9ventail de soci\u00e9t\u00e9s et de fournisseurs de services. A cet effet, le portail d\u00e9di\u00e9 \u00ab March\u00e9s de la maintenance des turbines-g\u00e9n\u00e9rateurs \u00bb [\u2026]<\/p>","protected":false},"author":2,"featured_media":0,"parent":0,"menu_order":0,"comment_status":"closed","ping_status":"closed","template":"","meta":{"footnotes":""},"class_list":["post-1913","page","type-page","status-publish","hentry"],"yoast_head":"<!-- This site is optimized with the Yoast SEO plugin v26.9 - https:\/\/yoast.com\/product\/yoast-seo-wordpress\/ -->\n<title>TGM Markets Leading Hydropower Asset Management Software by | EN SOLUTIONS Hydro<\/title>\n<meta name=\"description\" content=\"Explore TGM Markets by EN SOLUTIONS Hydro, the leading Hydropower Asset Management Software. Seamlessly connect with top hydropower contractors and suppliers through tenders and RFQs. Dive into efficient hydropower asset management today.\" \/>\n<meta name=\"robots\" content=\"index, follow, max-snippet:-1, max-image-preview:large, max-video-preview:-1\" \/>\n<link rel=\"canonical\" href=\"https:\/\/ensolutions.ca\/fr\/marches-tgm\/\" \/>\n<meta property=\"og:locale\" content=\"fr_CA\" \/>\n<meta property=\"og:type\" content=\"article\" \/>\n<meta property=\"og:title\" content=\"TGM Markets Leading Hydropower Asset Management Software by | EN SOLUTIONS Hydro\" \/>\n<meta property=\"og:description\" content=\"Explore TGM Markets by EN SOLUTIONS Hydro, the leading Hydropower Asset Management Software. Seamlessly connect with top hydropower contractors and suppliers through tenders and RFQs. Dive into efficient hydropower asset management today.\" \/>\n<meta property=\"og:url\" content=\"https:\/\/ensolutions.ca\/fr\/marches-tgm\/\" \/>\n<meta property=\"og:site_name\" content=\"EN SOLUTIONS Hydro\" \/>\n<meta property=\"article:modified_time\" content=\"2023-10-10T04:41:55+00:00\" \/>\n<meta property=\"og:image\" content=\"https:\/\/ensolutions.ca\/wp-content\/uploads\/2022\/10\/imageedit_8_6285692306.png\" \/>\n<meta name=\"twitter:card\" content=\"summary_large_image\" \/>\n<meta name=\"twitter:label1\" content=\"Estimation du temps de lecture\" \/>\n\t<meta name=\"twitter:data1\" content=\"2 minutes\" \/>\n<script type=\"application\/ld+json\" class=\"yoast-schema-graph\">{\"@context\":\"https:\/\/schema.org\",\"@graph\":[{\"@type\":\"WebPage\",\"@id\":\"https:\/\/ensolutions.ca\/en\/tgm-markets\/\",\"url\":\"https:\/\/ensolutions.ca\/en\/tgm-markets\/\",\"name\":\"TGM Markets Leading Hydropower Asset Management Software by | EN SOLUTIONS Hydro\",\"isPartOf\":{\"@id\":\"https:\/\/ensolutions.ca\/en\/#website\"},\"primaryImageOfPage\":{\"@id\":\"https:\/\/ensolutions.ca\/en\/tgm-markets\/#primaryimage\"},\"image\":{\"@id\":\"https:\/\/ensolutions.ca\/en\/tgm-markets\/#primaryimage\"},\"thumbnailUrl\":\"https:\/\/ensolutions.ca\/wp-content\/uploads\/2022\/10\/imageedit_8_6285692306.png\",\"datePublished\":\"2022-10-13T21:37:29+00:00\",\"dateModified\":\"2023-10-10T04:41:55+00:00\",\"description\":\"Explore TGM Markets by EN SOLUTIONS Hydro, the leading Hydropower Asset Management Software. Seamlessly connect with top hydropower contractors and suppliers through tenders and RFQs. Dive into efficient hydropower asset management today.\",\"breadcrumb\":{\"@id\":\"https:\/\/ensolutions.ca\/en\/tgm-markets\/#breadcrumb\"},\"inLanguage\":\"fr-CA\",\"potentialAction\":[{\"@type\":\"ReadAction\",\"target\":[\"https:\/\/ensolutions.ca\/en\/tgm-markets\/\"]}]},{\"@type\":\"ImageObject\",\"inLanguage\":\"fr-CA\",\"@id\":\"https:\/\/ensolutions.ca\/en\/tgm-markets\/#primaryimage\",\"url\":\"https:\/\/ensolutions.ca\/wp-content\/uploads\/2022\/10\/imageedit_8_6285692306.png\",\"contentUrl\":\"https:\/\/ensolutions.ca\/wp-content\/uploads\/2022\/10\/imageedit_8_6285692306.png\"},{\"@type\":\"BreadcrumbList\",\"@id\":\"https:\/\/ensolutions.ca\/en\/tgm-markets\/#breadcrumb\",\"itemListElement\":[{\"@type\":\"ListItem\",\"position\":1,\"name\":\"Home\",\"item\":\"https:\/\/ensolutions.ca\/en\/\"},{\"@type\":\"ListItem\",\"position\":2,\"name\":\"TGM Markets\"}]},{\"@type\":\"WebSite\",\"@id\":\"https:\/\/ensolutions.ca\/en\/#website\",\"url\":\"https:\/\/ensolutions.ca\/en\/\",\"name\":\"EN SOLUTIONS Hydro\",\"description\":\"We help you take care of your assets\",\"publisher\":{\"@id\":\"https:\/\/ensolutions.ca\/en\/#organization\"},\"potentialAction\":[{\"@type\":\"SearchAction\",\"target\":{\"@type\":\"EntryPoint\",\"urlTemplate\":\"https:\/\/ensolutions.ca\/en\/?s={search_term_string}\"},\"query-input\":{\"@type\":\"PropertyValueSpecification\",\"valueRequired\":true,\"valueName\":\"search_term_string\"}}],\"inLanguage\":\"fr-CA\"},{\"@type\":\"Organization\",\"@id\":\"https:\/\/ensolutions.ca\/en\/#organization\",\"name\":\"EN SOLUTIONS Hydro\",\"url\":\"https:\/\/ensolutions.ca\/en\/\",\"logo\":{\"@type\":\"ImageObject\",\"inLanguage\":\"fr-CA\",\"@id\":\"https:\/\/ensolutions.ca\/en\/#\/schema\/logo\/image\/\",\"url\":\"https:\/\/ensolutions.ca\/wp-content\/uploads\/2022\/10\/logo.png\",\"contentUrl\":\"https:\/\/ensolutions.ca\/wp-content\/uploads\/2022\/10\/logo.png\",\"width\":1600,\"height\":479,\"caption\":\"EN SOLUTIONS Hydro\"},\"image\":{\"@id\":\"https:\/\/ensolutions.ca\/en\/#\/schema\/logo\/image\/\"},\"sameAs\":[\"https:\/\/www.linkedin.com\/company\/en-solutions-hydro\"]}]}<\/script>\n<!-- \/ Yoast SEO plugin. -->","yoast_head_json":{"title":"TGM Markets Leading Hydropower Asset Management Software by | EN SOLUTIONS Hydro","description":"Explore TGM Markets by EN SOLUTIONS Hydro, the leading Hydropower Asset Management Software. Seamlessly connect with top hydropower contractors and suppliers through tenders and RFQs. Dive into efficient hydropower asset management today.","robots":{"index":"index","follow":"follow","max-snippet":"max-snippet:-1","max-image-preview":"max-image-preview:large","max-video-preview":"max-video-preview:-1"},"canonical":"https:\/\/ensolutions.ca\/fr\/marches-tgm\/","og_locale":"fr_CA","og_type":"article","og_title":"TGM Markets Leading Hydropower Asset Management Software by | EN SOLUTIONS Hydro","og_description":"Explore TGM Markets by EN SOLUTIONS Hydro, the leading Hydropower Asset Management Software. Seamlessly connect with top hydropower contractors and suppliers through tenders and RFQs. Dive into efficient hydropower asset management today.","og_url":"https:\/\/ensolutions.ca\/fr\/marches-tgm\/","og_site_name":"EN SOLUTIONS Hydro","article_modified_time":"2023-10-10T04:41:55+00:00","og_image":[{"url":"https:\/\/ensolutions.ca\/wp-content\/uploads\/2022\/10\/imageedit_8_6285692306.png","type":"","width":"","height":""}],"twitter_card":"summary_large_image","twitter_misc":{"Estimation du temps de lecture":"2 minutes"},"schema":{"@context":"https:\/\/schema.org","@graph":[{"@type":"WebPage","@id":"https:\/\/ensolutions.ca\/en\/tgm-markets\/","url":"https:\/\/ensolutions.ca\/en\/tgm-markets\/","name":"TGM Markets Leading Hydropower Asset Management Software by | EN SOLUTIONS Hydro","isPartOf":{"@id":"https:\/\/ensolutions.ca\/en\/#website"},"primaryImageOfPage":{"@id":"https:\/\/ensolutions.ca\/en\/tgm-markets\/#primaryimage"},"image":{"@id":"https:\/\/ensolutions.ca\/en\/tgm-markets\/#primaryimage"},"thumbnailUrl":"https:\/\/ensolutions.ca\/wp-content\/uploads\/2022\/10\/imageedit_8_6285692306.png","datePublished":"2022-10-13T21:37:29+00:00","dateModified":"2023-10-10T04:41:55+00:00","description":"Explore TGM Markets by EN SOLUTIONS Hydro, the leading Hydropower Asset Management Software. Seamlessly connect with top hydropower contractors and suppliers through tenders and RFQs. Dive into efficient hydropower asset management today.","breadcrumb":{"@id":"https:\/\/ensolutions.ca\/en\/tgm-markets\/#breadcrumb"},"inLanguage":"fr-CA","potentialAction":[{"@type":"ReadAction","target":["https:\/\/ensolutions.ca\/en\/tgm-markets\/"]}]},{"@type":"ImageObject","inLanguage":"fr-CA","@id":"https:\/\/ensolutions.ca\/en\/tgm-markets\/#primaryimage","url":"https:\/\/ensolutions.ca\/wp-content\/uploads\/2022\/10\/imageedit_8_6285692306.png","contentUrl":"https:\/\/ensolutions.ca\/wp-content\/uploads\/2022\/10\/imageedit_8_6285692306.png"},{"@type":"BreadcrumbList","@id":"https:\/\/ensolutions.ca\/en\/tgm-markets\/#breadcrumb","itemListElement":[{"@type":"ListItem","position":1,"name":"Home","item":"https:\/\/ensolutions.ca\/en\/"},{"@type":"ListItem","position":2,"name":"TGM Markets"}]},{"@type":"WebSite","@id":"https:\/\/ensolutions.ca\/en\/#website","url":"https:\/\/ensolutions.ca\/en\/","name":"EN SOLUTIONS Hydro","description":"We help you take care of your assets","publisher":{"@id":"https:\/\/ensolutions.ca\/en\/#organization"},"potentialAction":[{"@type":"SearchAction","target":{"@type":"EntryPoint","urlTemplate":"https:\/\/ensolutions.ca\/en\/?s={search_term_string}"},"query-input":{"@type":"PropertyValueSpecification","valueRequired":true,"valueName":"search_term_string"}}],"inLanguage":"fr-CA"},{"@type":"Organization","@id":"https:\/\/ensolutions.ca\/en\/#organization","name":"EN SOLUTIONS Hydro","url":"https:\/\/ensolutions.ca\/en\/","logo":{"@type":"ImageObject","inLanguage":"fr-CA","@id":"https:\/\/ensolutions.ca\/en\/#\/schema\/logo\/image\/","url":"https:\/\/ensolutions.ca\/wp-content\/uploads\/2022\/10\/logo.png","contentUrl":"https:\/\/ensolutions.ca\/wp-content\/uploads\/2022\/10\/logo.png","width":1600,"height":479,"caption":"EN SOLUTIONS Hydro"},"image":{"@id":"https:\/\/ensolutions.ca\/en\/#\/schema\/logo\/image\/"},"sameAs":["https:\/\/www.linkedin.com\/company\/en-solutions-hydro"]}]}},"_links":{"self":[{"href":"https:\/\/ensolutions.ca\/fr\/wp-json\/wp\/v2\/pages\/1913","targetHints":{"allow":["GET"]}}],"collection":[{"href":"https:\/\/ensolutions.ca\/fr\/wp-json\/wp\/v2\/pages"}],"about":[{"href":"https:\/\/ensolutions.ca\/fr\/wp-json\/wp\/v2\/types\/page"}],"author":[{"embeddable":true,"href":"https:\/\/ensolutions.ca\/fr\/wp-json\/wp\/v2\/users\/2"}],"replies":[{"embeddable":true,"href":"https:\/\/ensolutions.ca\/fr\/wp-json\/wp\/v2\/comments?post=1913"}],"version-history":[{"count":51,"href":"https:\/\/ensolutions.ca\/fr\/wp-json\/wp\/v2\/pages\/1913\/revisions"}],"predecessor-version":[{"id":57438,"href":"https:\/\/ensolutions.ca\/fr\/wp-json\/wp\/v2\/pages\/1913\/revisions\/57438"}],"wp:attachment":[{"href":"https:\/\/ensolutions.ca\/fr\/wp-json\/wp\/v2\/media?parent=1913"}],"curies":[{"name":"wp","href":"https:\/\/api.w.org\/{rel}","templated":true}]}}