{"id":34796,"date":"2023-09-06T18:15:49","date_gmt":"2023-09-06T18:15:49","guid":{"rendered":"https:\/\/ensolutions.ca\/?page_id=34796"},"modified":"2023-10-10T04:31:24","modified_gmt":"2023-10-10T04:31:24","slug":"privacy-policy","status":"publish","type":"page","link":"https:\/\/ensolutions.ca\/es\/politica-de-privacidad\/","title":{"rendered":"pol\u00edtica de privacidad"},"content":{"rendered":"<div data-elementor-type=\"wp-page\" data-elementor-id=\"34796\" class=\"elementor elementor-34796\">\n\t\t\t\t\t\t<section class=\"elementor-section elementor-top-section elementor-element elementor-element-eab84c5 elementor-section-boxed elementor-section-height-default elementor-section-height-default\" data-id=\"eab84c5\" data-element_type=\"section\" data-e-type=\"section\">\n\t\t\t\t\t\t<div class=\"elementor-container elementor-column-gap-default\">\n\t\t\t\t\t<div class=\"elementor-column elementor-col-100 elementor-top-column elementor-element elementor-element-bf86cb7\" data-id=\"bf86cb7\" data-element_type=\"column\" data-e-type=\"column\">\n\t\t\t<div class=\"elementor-widget-wrap elementor-element-populated\">\n\t\t\t\t\t\t<div class=\"elementor-element elementor-element-ea6ce14 elementor-widget elementor-widget-spacer\" data-id=\"ea6ce14\" data-element_type=\"widget\" data-e-type=\"widget\" data-widget_type=\"spacer.default\">\n\t\t\t\t<div class=\"elementor-widget-container\">\n\t\t\t\t\t\t\t<div class=\"elementor-spacer\">\n\t\t\t<div class=\"elementor-spacer-inner\"><\/div>\n\t\t<\/div>\n\t\t\t\t\t\t<\/div>\n\t\t\t\t<\/div>\n\t\t\t\t<div class=\"elementor-element elementor-element-7ce618a elementor-widget__width-initial elementor-widget elementor-widget-text-editor\" data-id=\"7ce618a\" data-element_type=\"widget\" data-e-type=\"widget\" data-widget_type=\"text-editor.default\">\n\t\t\t\t<div class=\"elementor-widget-container\">\n\t\t\t\t\t\t\t\t\t<p>\u00daltima revisi\u00f3n: [2023-09-06]<br>Esta Pol\u00edtica de Privacidad se rige por los T\u00e9rminos y Condiciones de este sitio web (el \u201cSitio Web\u201d), mantenido por 15226961 Canada Inc. (la \u201cCompa\u00f1\u00eda\u201d). Esta Pol\u00edtica de Privacidad se aplica al Sitio Web y a todos los productos y servicios ofrecidos por la Compa\u00f1\u00eda y su Sitio Web.<\/p>\n<p>La Compa\u00f1\u00eda se compromete a salvaguardar su privacidad en l\u00ednea. Nuestra Pol\u00edtica de Privacidad que se detalla a continuaci\u00f3n (la \u201cPol\u00edtica de Privacidad\u201d) explica c\u00f3mo manejamos su nombre, direcci\u00f3n, n\u00famero de tel\u00e9fono, direcci\u00f3n de correo electr\u00f3nico, informaci\u00f3n de tarjeta de cr\u00e9dito, c\u00f3digo postal, ciudad\/pueblo, as\u00ed como el nombre, la edad y cualquier otra informaci\u00f3n proporcionada sobre usted en nuestro Sitio Web a trav\u00e9s de cartas, correos electr\u00f3nicos o rese\u00f1as en l\u00ednea (su \u201cInformaci\u00f3n Personal\u201d).<\/p>\n<p>En todo el sitio web, los t\u00e9rminos \u201cnosotros\u201d, \u201cnos\u201d y \u201cnuestro\u201d se refieren a la Compa\u00f1\u00eda. Salvo que se indique lo contrario, el t\u00e9rmino \u201cCompa\u00f1\u00eda\u201d utilizado en los T\u00e9rminos y condiciones y en esta Pol\u00edtica de privacidad incluye a 7th Laurel Immigration Consulting Inc., sus licenciatarios y sus respectivos funcionarios, directores, empleados, proveedores, agentes, afiliados, subsidiarias, sucesores y cesionarios.<br>Tenga en cuenta que al visitar el sitio web, usted acepta las pr\u00e1cticas descritas en nuestra Pol\u00edtica de privacidad y acepta estar sujeto a la Pol\u00edtica de privacidad y a cualquier otra ley, estatuto o reglamento aplicable. Podemos cambiar esta Pol\u00edtica de privacidad en cualquier momento sin previo aviso, y la modificaci\u00f3n entrar\u00e1 en vigor a partir de su publicaci\u00f3n en el sitio web. Su uso continuo del sitio web se considerar\u00e1 su aceptaci\u00f3n de la Pol\u00edtica de privacidad revisada.<\/p>\n<p>Si no est\u00e1 de acuerdo con los t\u00e9rminos de esta Pol\u00edtica de privacidad, no utilice el sitio web.<\/p>\n<p><b>Consentir<\/b><br>Cada vez que visita el Sitio Web, se registra para uno o m\u00e1s de los servicios ofrecidos o nos proporciona informaci\u00f3n, usted acepta la recopilaci\u00f3n, uso y divulgaci\u00f3n de su informaci\u00f3n por parte de la Compa\u00f1\u00eda de acuerdo con los t\u00e9rminos de la Pol\u00edtica de Privacidad.<\/p>\n<p><b>Cambios en la Pol\u00edtica de Privacidad<\/b><br>Revise peri\u00f3dicamente esta Pol\u00edtica de privacidad, ya que puede actualizarse de vez en cuando. Cualquier cambio en la Pol\u00edtica de privacidad entrar\u00e1 en vigor y ser\u00e1 vinculante para usted inmediatamente despu\u00e9s de la publicaci\u00f3n de dichos cambios en este sitio web.<br>Consulte tambi\u00e9n los T\u00e9rminos y Condiciones de nuestro sitio web para conocer otros t\u00e9rminos y condiciones que rigen su uso del sitio web, los productos y los servicios.<\/p>\n<p><b>Galletas<\/b><br>Adem\u00e1s de la informaci\u00f3n proporcionada por los usuarios de nuestro sitio web, la Compa\u00f1\u00eda utiliza las herramientas de seguimiento de Internet habituales asociadas con los protocolos est\u00e1ndar de Internet y los sistemas basados en la web. Esta informaci\u00f3n del sistema normalmente se almacena en archivos de registro y la informaci\u00f3n se utiliza para generar informes agregados. Los informes agregados incluyen el n\u00famero total de visitantes, las secciones m\u00e1s visitadas, las horas pico de tr\u00e1fico, etc. Los archivos de registro son simplemente registros de transacciones que mantienen los servidores web. Esos registros se utilizan para registrar informaci\u00f3n, como:<br>\u2022 direcciones IP del proveedor de servicios;<br>\u2022 versiones del navegador;<br>\u2022 sitios web de referencia;<br>\u2022 t\u00e9rminos de b\u00fasqueda utilizados;<br>\u2022 n\u00famero promedio de p\u00e1ginas solicitadas;<br>\u2022 duraci\u00f3n media de la visita;<br>\u2022 tr\u00e1fico total de visitantes.<br>La empresa utiliza informaci\u00f3n agregada obtenida de su visita para dise\u00f1ar mejor nuestro sitio web. Esta informaci\u00f3n nos proporciona una visi\u00f3n general de c\u00f3mo las personas utilizan nuestro sitio web para ayudar a administrar nuestros sistemas y brindar un mejor servicio a nuestra audiencia.<br>La \u201cinformaci\u00f3n agregada\u201d es informaci\u00f3n est\u00e1ndar sobre el tr\u00e1fico de visitantes\/servidores web en relaci\u00f3n con los patrones generales de tr\u00e1fico del sitio web. La Compa\u00f1\u00eda no informa sobre sesiones de usuarios individuales. Los servidores web normalmente recopilan este tipo de informaci\u00f3n b\u00e1sica como parte de sus procesos de registro web.<br>Esta informaci\u00f3n agregada no lo identifica y, por lo tanto, no constituye informaci\u00f3n personal.<\/p>\n<p><b>Recopilaci\u00f3n de informaci\u00f3n personal<\/b><br>La informaci\u00f3n personal es cualquier informaci\u00f3n que lo identifique o mediante la cual se pueda deducir su identidad. La informaci\u00f3n personal no incluye informaci\u00f3n de contacto comercial ni informaci\u00f3n disponible p\u00fablicamente. El sitio web recopila su informaci\u00f3n personal para los fines que se le indican al momento de la recopilaci\u00f3n.<br>Si es menor de 18 a\u00f1os, solo podr\u00e1 utilizar los Servicios con el consentimiento de sus padres o tutor legal. Aseg\u00farese de que sus padres o tutor legal hayan revisado y analizado nuestros T\u00e9rminos y condiciones y nuestra Pol\u00edtica de privacidad con usted.<br>Si usted es padre o tutor legal y ha dado su consentimiento para que su hijo o hijos utilicen los Servicios del Sitio web, aseg\u00farese de analizar la importancia de no proporcionar informaci\u00f3n personal en l\u00ednea.<br>La Compa\u00f1\u00eda recopila informaci\u00f3n que se env\u00eda a trav\u00e9s de nuestro formulario HTML\/generado por servidor, o cualquier formulario similar que se env\u00ede por correo electr\u00f3nico, correo postal o fax a la Compa\u00f1\u00eda. Por ejemplo, la Compa\u00f1\u00eda puede recopilar su nombre y apellido, direcci\u00f3n de correo electr\u00f3nico y tema de la consulta con el fin de responder a sus solicitudes espec\u00edficas de informaci\u00f3n y determinar los servicios que se le proporcionar\u00e1n.<br>Es posible que le enviemos correos electr\u00f3nicos peri\u00f3dicos a su direcci\u00f3n de correo electr\u00f3nico proporcionada para enviarle promociones o responder a sus consultas y\/o solicitudes o preguntas.<br>La Compa\u00f1\u00eda tambi\u00e9n podr\u00e1 utilizar su informaci\u00f3n personal para comunicarse con usted con respecto a otros productos o servicios que puedan ser de su inter\u00e9s.<br>La Compa\u00f1\u00eda limita la recopilaci\u00f3n de informaci\u00f3n personal a la cantidad y el tipo de informaci\u00f3n que se requiere para cumplir con los fines para los que se recopila.<\/p>\n<p>En<b>Informaci\u00f3n recopilada en el sitio web<\/b><\/p>\n<p><span style=\"letter-spacing: 0px;\">Si decide proporcionarnos informaci\u00f3n personal en un correo electr\u00f3nico, utilizaremos dicha informaci\u00f3n para responder a su mensaje. La Compa\u00f1\u00eda no recopila informaci\u00f3n personal con fines comerciales, de marketing ni para su distribuci\u00f3n a organizaciones privadas.<\/span><\/p>\n<p>Es posible que los mensajes enviados por correo electr\u00f3nico sean interceptados, por lo que la Compa\u00f1\u00eda no garantiza la seguridad de la comunicaci\u00f3n por correo electr\u00f3nico. Si le preocupa el env\u00edo de su informaci\u00f3n personal por correo electr\u00f3nico, puede ponerse en contacto con nosotros por tel\u00e9fono o correo postal.<\/p>\n<p>S<b>Almacenamiento de informaci\u00f3n personal<\/b><\/p>\n<p>Almacenamos la informaci\u00f3n personal que nos proporciona para su uso en nuestras bases de datos inform\u00e1ticas en relaci\u00f3n con su cuenta de usuario creada. Poseemos, mantenemos y operamos nuestros servidores inform\u00e1ticos que contienen nuestras bases de datos. Utilizamos cortafuegos y otras medidas de seguridad para proteger nuestros servidores.<\/p>\n<p><b>Uso de informaci\u00f3n personal<\/b><\/p>\n<p>La Compa\u00f1\u00eda recopila, utiliza y divulga informaci\u00f3n personal para los siguientes prop\u00f3sitos limitados:<br>(a) tramitar las solicitudes presentadas a la Compa\u00f1\u00eda;<br>(b) facilitar las consultas con los clientes;<br>(c) administrar nuestras bases de datos de clientes;<br>(d) establecer y mantener listas de clientes;<br>(e) establecer y mantener listas de correo, que se utilizan para comunicarnos con usted durante el curso de nuestros servicios y para incluirlo en cualquier actividad de marketing directo que realice nuestra firma (como el env\u00edo de boletines informativos o invitaciones a eventos que podamos estar realizando). Si nos dice que no desea recibir informaci\u00f3n sobre nuestros servicios, no le enviaremos m\u00e1s material; y,<br>f) prestar cualquier otro servicio necesario.<\/p>\n<p><b>Divulgaci\u00f3n de informaci\u00f3n personal<\/b><br>La Compa\u00f1\u00eda no revelar\u00e1 informaci\u00f3n personal a otras personas, salvo en los siguientes casos:<br>(a) en la medida necesaria para los fines identificados, tal como se le describi\u00f3 en el momento de la recopilaci\u00f3n; o,&nbsp;<\/p><p><span style=\"letter-spacing: 0px;\">(b) a otros terceros, como patrocinadores y socios de contenido del sitio web, pero solo en los casos y en la medida en que usted nos d\u00e9 su permiso para hacerlo.<\/span><\/p><p>En determinadas circunstancias excepcionales, la Compa\u00f1\u00eda puede verse obligada a recopilar, utilizar o divulgar su informaci\u00f3n personal sin su conocimiento ni consentimiento. Por ejemplo, razones legales, m\u00e9dicas o de seguridad pueden hacer que sea imposible o poco pr\u00e1ctico solicitar el consentimiento. Cuando se recopila informaci\u00f3n para la detecci\u00f3n y prevenci\u00f3n de fraudes o para la aplicaci\u00f3n de la ley, solicitar su consentimiento puede frustrar el prop\u00f3sito de la recopilaci\u00f3n de la informaci\u00f3n. Solicitar el consentimiento puede ser imposible o inadecuado cuando la persona es menor de edad, est\u00e1 gravemente enferma o mentalmente incapacitada.<br>D<b>Seguridad de datos<\/b><br>Para evitar el acceso no autorizado, mantener la precisi\u00f3n de su informaci\u00f3n personal y garantizar que su informaci\u00f3n personal se utilice y divulgue \u00fanicamente de conformidad con esta pol\u00edtica de privacidad, la Compa\u00f1\u00eda se esfuerza por mantener salvaguardas f\u00edsicas, electr\u00f3nicas, contractuales y administrativas para proteger su informaci\u00f3n personal que recopilamos del sitio web con un nivel de seguridad que sea apropiado para la sensibilidad de la informaci\u00f3n personal recopilada. A excepci\u00f3n de las investigaciones autorizadas por las autoridades, no se realizan otros intentos para identificar a los usuarios individuales.<br><b>Ley aplicable<\/b><br>Esta Pol\u00edtica de privacidad est\u00e1 destinada a regirse, interpretarse y aplicarse de conformidad con las leyes de Canad\u00e1 y Ontario, incluida la Ley de Protecci\u00f3n de Informaci\u00f3n Personal y Documentos Electr\u00f3nicos.<\/p>\n<p>PAG<b>Oficial de privacidad <\/b><\/p>\n<p>La Compa\u00f1\u00eda es responsable de la informaci\u00f3n personal que recopilamos y que est\u00e1 bajo nuestro control. Para cumplir con esta responsabilidad, hemos designado a un Oficial de Privacidad que se encargar\u00e1 de nuestra Pol\u00edtica de Privacidad y de los procedimientos de gesti\u00f3n de informaci\u00f3n personal y hemos implementado medidas de seguridad y capacitaci\u00f3n adecuadas dentro de nuestra empresa.<br>Si tiene alguna pregunta o comentario sobre esta Pol\u00edtica de privacidad, comun\u00edquese con nuestro Responsable de privacidad en hello@ensolutions.ca.<\/p>\t\t\t\t\t\t\t\t<\/div>\n\t\t\t\t<\/div>\n\t\t\t\t\t<\/div>\n\t\t<\/div>\n\t\t\t\t\t<\/div>\n\t\t<\/section>\n\t\t\t\t<section class=\"elementor-section elementor-top-section elementor-element elementor-element-d171862 elementor-section-boxed elementor-section-height-default elementor-section-height-default\" data-id=\"d171862\" data-element_type=\"section\" data-e-type=\"section\">\n\t\t\t\t\t\t<div class=\"elementor-container elementor-column-gap-default\">\n\t\t\t\t\t<div class=\"elementor-column elementor-col-100 elementor-top-column elementor-element elementor-element-b6d27a7\" data-id=\"b6d27a7\" data-element_type=\"column\" data-e-type=\"column\">\n\t\t\t<div class=\"elementor-widget-wrap elementor-element-populated\">\n\t\t\t\t\t\t<div class=\"elementor-element elementor-element-733af28 elementor-widget elementor-widget-spacer\" data-id=\"733af28\" data-element_type=\"widget\" data-e-type=\"widget\" data-widget_type=\"spacer.default\">\n\t\t\t\t<div class=\"elementor-widget-container\">\n\t\t\t\t\t\t\t<div class=\"elementor-spacer\">\n\t\t\t<div class=\"elementor-spacer-inner\"><\/div>\n\t\t<\/div>\n\t\t\t\t\t\t<\/div>\n\t\t\t\t<\/div>\n\t\t\t\t\t<\/div>\n\t\t<\/div>\n\t\t\t\t\t<\/div>\n\t\t<\/section>\n\t\t\t\t<\/div>","protected":false},"excerpt":{"rendered":"<p>\u00daltima revisi\u00f3n: [06\/09\/2023] Esta Pol\u00edtica de Privacidad se rige por los T\u00e9rminos y Condiciones de este sitio web (el \u00abSitio Web\u00bb), gestionado por 15226961 Canada Inc. (la \u00abEmpresa\u00bb). Esta Pol\u00edtica de Privacidad se aplica al Sitio Web y a todos los productos y servicios que ofrece la Empresa y su Sitio Web. La Empresa se compromete a proteger su privacidad en l\u00ednea. Nuestra [\u2026]<\/p>","protected":false},"author":2,"featured_media":433,"parent":0,"menu_order":0,"comment_status":"closed","ping_status":"closed","template":"","meta":{"footnotes":""},"class_list":["post-34796","page","type-page","status-publish","has-post-thumbnail","hentry"],"yoast_head":"<!-- This site is optimized with the Yoast SEO plugin v26.9 - https:\/\/yoast.com\/product\/yoast-seo-wordpress\/ -->\n<title>Privacy Policy | EN SOLUTIONS Hydro<\/title>\n<meta name=\"robots\" content=\"noindex, nofollow\" \/>\n<meta property=\"og:locale\" content=\"es_ES\" \/>\n<meta property=\"og:type\" content=\"article\" \/>\n<meta property=\"og:title\" content=\"Privacy Policy | EN SOLUTIONS Hydro\" \/>\n<meta property=\"og:description\" content=\"Latest Revision: [2023-09-06] This Privacy Policy is in accordance with the Terms and Conditions of this website (the \u2018Website\u201d) maintained by 15226961 Canada Inc. (the \u201cCompany\u201d). This Privacy Policy applies to the Website and all products and services offered by the Company and its Website. The Company is committed to safeguarding your privacy online. Our [&hellip;]\" \/>\n<meta property=\"og:url\" content=\"https:\/\/ensolutions.ca\/es\/politica-de-privacidad\/\" \/>\n<meta property=\"og:site_name\" content=\"EN SOLUTIONS Hydro\" \/>\n<meta property=\"article:modified_time\" content=\"2023-10-10T04:31:24+00:00\" \/>\n<meta property=\"og:image\" content=\"https:\/\/ensolutions.ca\/wp-content\/uploads\/2021\/06\/page_bg_7.jpg\" \/>\n\t<meta property=\"og:image:width\" content=\"1600\" \/>\n\t<meta property=\"og:image:height\" content=\"548\" \/>\n\t<meta property=\"og:image:type\" content=\"image\/jpeg\" \/>\n<meta name=\"twitter:card\" content=\"summary_large_image\" \/>\n<meta name=\"twitter:label1\" content=\"Tiempo de lectura\" \/>\n\t<meta name=\"twitter:data1\" content=\"7 minutos\" \/>\n<script type=\"application\/ld+json\" class=\"yoast-schema-graph\">{\"@context\":\"https:\/\/schema.org\",\"@graph\":[{\"@type\":\"WebPage\",\"@id\":\"https:\/\/ensolutions.ca\/privacy-policy\/\",\"url\":\"https:\/\/ensolutions.ca\/privacy-policy\/\",\"name\":\"Privacy Policy | EN SOLUTIONS Hydro\",\"isPartOf\":{\"@id\":\"https:\/\/ensolutions.ca\/en\/#website\"},\"primaryImageOfPage\":{\"@id\":\"https:\/\/ensolutions.ca\/privacy-policy\/#primaryimage\"},\"image\":{\"@id\":\"https:\/\/ensolutions.ca\/privacy-policy\/#primaryimage\"},\"thumbnailUrl\":\"https:\/\/ensolutions.ca\/wp-content\/uploads\/2021\/06\/page_bg_7.jpg\",\"datePublished\":\"2023-09-06T18:15:49+00:00\",\"dateModified\":\"2023-10-10T04:31:24+00:00\",\"breadcrumb\":{\"@id\":\"https:\/\/ensolutions.ca\/privacy-policy\/#breadcrumb\"},\"inLanguage\":\"es\",\"potentialAction\":[{\"@type\":\"ReadAction\",\"target\":[\"https:\/\/ensolutions.ca\/privacy-policy\/\"]}]},{\"@type\":\"ImageObject\",\"inLanguage\":\"es\",\"@id\":\"https:\/\/ensolutions.ca\/privacy-policy\/#primaryimage\",\"url\":\"https:\/\/ensolutions.ca\/wp-content\/uploads\/2021\/06\/page_bg_7.jpg\",\"contentUrl\":\"https:\/\/ensolutions.ca\/wp-content\/uploads\/2021\/06\/page_bg_7.jpg\",\"width\":1600,\"height\":548},{\"@type\":\"BreadcrumbList\",\"@id\":\"https:\/\/ensolutions.ca\/privacy-policy\/#breadcrumb\",\"itemListElement\":[{\"@type\":\"ListItem\",\"position\":1,\"name\":\"Home\",\"item\":\"https:\/\/ensolutions.ca\/en\/\"},{\"@type\":\"ListItem\",\"position\":2,\"name\":\"Privacy Policy\"}]},{\"@type\":\"WebSite\",\"@id\":\"https:\/\/ensolutions.ca\/en\/#website\",\"url\":\"https:\/\/ensolutions.ca\/en\/\",\"name\":\"EN SOLUTIONS Hydro\",\"description\":\"We help you take care of your assets\",\"publisher\":{\"@id\":\"https:\/\/ensolutions.ca\/en\/#organization\"},\"potentialAction\":[{\"@type\":\"SearchAction\",\"target\":{\"@type\":\"EntryPoint\",\"urlTemplate\":\"https:\/\/ensolutions.ca\/en\/?s={search_term_string}\"},\"query-input\":{\"@type\":\"PropertyValueSpecification\",\"valueRequired\":true,\"valueName\":\"search_term_string\"}}],\"inLanguage\":\"es\"},{\"@type\":\"Organization\",\"@id\":\"https:\/\/ensolutions.ca\/en\/#organization\",\"name\":\"EN SOLUTIONS Hydro\",\"url\":\"https:\/\/ensolutions.ca\/en\/\",\"logo\":{\"@type\":\"ImageObject\",\"inLanguage\":\"es\",\"@id\":\"https:\/\/ensolutions.ca\/en\/#\/schema\/logo\/image\/\",\"url\":\"https:\/\/ensolutions.ca\/wp-content\/uploads\/2022\/10\/logo.png\",\"contentUrl\":\"https:\/\/ensolutions.ca\/wp-content\/uploads\/2022\/10\/logo.png\",\"width\":1600,\"height\":479,\"caption\":\"EN SOLUTIONS Hydro\"},\"image\":{\"@id\":\"https:\/\/ensolutions.ca\/en\/#\/schema\/logo\/image\/\"},\"sameAs\":[\"https:\/\/www.linkedin.com\/company\/en-solutions-hydro\"]}]}<\/script>\n<!-- \/ Yoast SEO plugin. -->","yoast_head_json":{"title":"Privacy Policy | EN SOLUTIONS Hydro","robots":{"index":"noindex","follow":"nofollow"},"og_locale":"es_ES","og_type":"article","og_title":"Privacy Policy | EN SOLUTIONS Hydro","og_description":"Latest Revision: [2023-09-06] This Privacy Policy is in accordance with the Terms and Conditions of this website (the \u2018Website\u201d) maintained by 15226961 Canada Inc. (the \u201cCompany\u201d). This Privacy Policy applies to the Website and all products and services offered by the Company and its Website. The Company is committed to safeguarding your privacy online. Our [&hellip;]","og_url":"https:\/\/ensolutions.ca\/es\/politica-de-privacidad\/","og_site_name":"EN SOLUTIONS Hydro","article_modified_time":"2023-10-10T04:31:24+00:00","og_image":[{"width":1600,"height":548,"url":"https:\/\/ensolutions.ca\/wp-content\/uploads\/2021\/06\/page_bg_7.jpg","type":"image\/jpeg"}],"twitter_card":"summary_large_image","twitter_misc":{"Tiempo de lectura":"7 minutos"},"schema":{"@context":"https:\/\/schema.org","@graph":[{"@type":"WebPage","@id":"https:\/\/ensolutions.ca\/privacy-policy\/","url":"https:\/\/ensolutions.ca\/privacy-policy\/","name":"Privacy Policy | EN SOLUTIONS Hydro","isPartOf":{"@id":"https:\/\/ensolutions.ca\/en\/#website"},"primaryImageOfPage":{"@id":"https:\/\/ensolutions.ca\/privacy-policy\/#primaryimage"},"image":{"@id":"https:\/\/ensolutions.ca\/privacy-policy\/#primaryimage"},"thumbnailUrl":"https:\/\/ensolutions.ca\/wp-content\/uploads\/2021\/06\/page_bg_7.jpg","datePublished":"2023-09-06T18:15:49+00:00","dateModified":"2023-10-10T04:31:24+00:00","breadcrumb":{"@id":"https:\/\/ensolutions.ca\/privacy-policy\/#breadcrumb"},"inLanguage":"es","potentialAction":[{"@type":"ReadAction","target":["https:\/\/ensolutions.ca\/privacy-policy\/"]}]},{"@type":"ImageObject","inLanguage":"es","@id":"https:\/\/ensolutions.ca\/privacy-policy\/#primaryimage","url":"https:\/\/ensolutions.ca\/wp-content\/uploads\/2021\/06\/page_bg_7.jpg","contentUrl":"https:\/\/ensolutions.ca\/wp-content\/uploads\/2021\/06\/page_bg_7.jpg","width":1600,"height":548},{"@type":"BreadcrumbList","@id":"https:\/\/ensolutions.ca\/privacy-policy\/#breadcrumb","itemListElement":[{"@type":"ListItem","position":1,"name":"Home","item":"https:\/\/ensolutions.ca\/en\/"},{"@type":"ListItem","position":2,"name":"Privacy Policy"}]},{"@type":"WebSite","@id":"https:\/\/ensolutions.ca\/en\/#website","url":"https:\/\/ensolutions.ca\/en\/","name":"EN SOLUTIONS Hydro","description":"We help you take care of your assets","publisher":{"@id":"https:\/\/ensolutions.ca\/en\/#organization"},"potentialAction":[{"@type":"SearchAction","target":{"@type":"EntryPoint","urlTemplate":"https:\/\/ensolutions.ca\/en\/?s={search_term_string}"},"query-input":{"@type":"PropertyValueSpecification","valueRequired":true,"valueName":"search_term_string"}}],"inLanguage":"es"},{"@type":"Organization","@id":"https:\/\/ensolutions.ca\/en\/#organization","name":"EN SOLUTIONS Hydro","url":"https:\/\/ensolutions.ca\/en\/","logo":{"@type":"ImageObject","inLanguage":"es","@id":"https:\/\/ensolutions.ca\/en\/#\/schema\/logo\/image\/","url":"https:\/\/ensolutions.ca\/wp-content\/uploads\/2022\/10\/logo.png","contentUrl":"https:\/\/ensolutions.ca\/wp-content\/uploads\/2022\/10\/logo.png","width":1600,"height":479,"caption":"EN SOLUTIONS Hydro"},"image":{"@id":"https:\/\/ensolutions.ca\/en\/#\/schema\/logo\/image\/"},"sameAs":["https:\/\/www.linkedin.com\/company\/en-solutions-hydro"]}]}},"_links":{"self":[{"href":"https:\/\/ensolutions.ca\/es\/wp-json\/wp\/v2\/pages\/34796","targetHints":{"allow":["GET"]}}],"collection":[{"href":"https:\/\/ensolutions.ca\/es\/wp-json\/wp\/v2\/pages"}],"about":[{"href":"https:\/\/ensolutions.ca\/es\/wp-json\/wp\/v2\/types\/page"}],"author":[{"embeddable":true,"href":"https:\/\/ensolutions.ca\/es\/wp-json\/wp\/v2\/users\/2"}],"replies":[{"embeddable":true,"href":"https:\/\/ensolutions.ca\/es\/wp-json\/wp\/v2\/comments?post=34796"}],"version-history":[{"count":11,"href":"https:\/\/ensolutions.ca\/es\/wp-json\/wp\/v2\/pages\/34796\/revisions"}],"predecessor-version":[{"id":41642,"href":"https:\/\/ensolutions.ca\/es\/wp-json\/wp\/v2\/pages\/34796\/revisions\/41642"}],"wp:featuredmedia":[{"embeddable":true,"href":"https:\/\/ensolutions.ca\/es\/wp-json\/wp\/v2\/media\/433"}],"wp:attachment":[{"href":"https:\/\/ensolutions.ca\/es\/wp-json\/wp\/v2\/media?parent=34796"}],"curies":[{"name":"wp","href":"https:\/\/api.w.org\/{rel}","templated":true}]}}